{"id":66,"date":"2014-10-08T15:21:21","date_gmt":"2014-10-08T15:21:21","guid":{"rendered":"http:\/\/izp.mojpr.com\/?page_id=66"},"modified":"2014-10-08T15:21:21","modified_gmt":"2014-10-08T15:21:21","slug":"latest-blog-posts","status":"publish","type":"page","link":"http:\/\/izp.tapavicki.com\/?page_id=66","title":{"rendered":"Latest Blog Posts"},"content":{"rendered":"<h6 class=\"heading-horizontal\" style=\"margin:20px 0 50px 0;\"><span>Small Thumbs<\/span><\/h6>\n<div class=\"one_half tt-column\">\n<div class=\"blog-posts-shortcode-outer-wrap tt_\"><ul class=\"tt-recent-posts\"><li><a class=\"tt-recent-post-link\" title=\"ZAKLJU\u010cCI 7. Me\u0111unarodne \u201cEx\u201d Tribine PDF\" href=\"http:\/\/izp.tapavicki.com\/?p=471\"><img src=\"http:\/\/izp.tapavicki.com\/wp-content\/themes\/karma\/framework\/extended\/timthumb\/timthumb.php?src=http:\/\/www.atex.ba\/extern\/news\/atex2014.jpg&amp;h=65&amp;w=65\" alt=\"ZAKLJU\u010cCI 7. Me\u0111unarodne \u201cEx\u201d Tribine PDF\" class=\"tt-blog-sc-img\" \/><h4>ZAKLJU\u010cCI 7. Me\u0111unarodne \u201cEx\u201d Tribine PDF<\/h4><p>Na osnovu izlo\u017eenih radova, komentara, diskusija i okruglih stolova na sedmoj me\u0111unarodnoj \u201cEx\u201d Tribini odr\u017e...<\/p><\/a><\/li><li><a class=\"tt-recent-post-link\" title=\"Ispitivanje relavantnih osobina eksplozivnih pra\u0161ina\" href=\"http:\/\/izp.tapavicki.com\/?p=456\"><span class=\"tt-blog-placeholder tt-blog-default tt-blog-sc-img\">&nbsp;<\/span><h4>Ispitivanje relavantnih osobina eksplozivnih pra\u0161ina<\/h4><p>O eksplozivnosti pra\u0161ina bilo je ve\u0107 govora u mnogim literaturnim podacima, pa i u na\u0161em radu\u00a0(L1). Mada su mog...<\/p><\/a><\/li><li><a class=\"tt-recent-post-link\" title=\"Obuka za voza\u010de i rukovaoce opasnim teretom\" href=\"http:\/\/izp.tapavicki.com\/?p=313\"><img src=\"http:\/\/izp.tapavicki.com\/wp-content\/uploads\/2014\/10\/adr-65x65.jpg\" alt=\"Obuka za voza\u010de i rukovaoce opasnim teretom\" class=\"tt-blog-sc-img\" \/><h4>Obuka za voza\u010de i rukovaoce opasnim teretom<\/h4><p>INSTITUT prima prijave za ADR\/RID obuku za voza\u010de i rukovaoce opasnim teretom koja je planirana da se odr\u017ei od 09...<\/p><\/a><\/li><\/ul><\/div><br class=\"clear\" \/>\n<\/div>\n<div class=\"one_half_last tt-column\">\n<div class=\"blog-posts-shortcode-outer-wrap tt_\"><ul class=\"tt-recent-posts\"><li><a class=\"tt-recent-post-link\" title=\"ZAKLJU\u010cCI 7. Me\u0111unarodne \u201cEx\u201d Tribine PDF\" href=\"http:\/\/izp.tapavicki.com\/?p=471\"><img src=\"http:\/\/izp.tapavicki.com\/wp-content\/themes\/karma\/framework\/extended\/timthumb\/timthumb.php?src=http:\/\/www.atex.ba\/extern\/news\/atex2014.jpg&amp;h=65&amp;w=65\" alt=\"ZAKLJU\u010cCI 7. Me\u0111unarodne \u201cEx\u201d Tribine PDF\" class=\"tt-blog-sc-img\" \/><h4>ZAKLJU\u010cCI 7. Me\u0111unarodne \u201cEx\u201d Tribine PDF<\/h4><p>Na osnovu izlo\u017eenih radova, komentara, diskusija i okruglih stolova na sedmoj me\u0111unarodnoj \u201cEx\u201d Tribini odr\u017e...<\/p><\/a><\/li><li><a class=\"tt-recent-post-link\" title=\"Ispitivanje relavantnih osobina eksplozivnih pra\u0161ina\" href=\"http:\/\/izp.tapavicki.com\/?p=456\"><span class=\"tt-blog-placeholder tt-blog-default tt-blog-sc-img\">&nbsp;<\/span><h4>Ispitivanje relavantnih osobina eksplozivnih pra\u0161ina<\/h4><p>O eksplozivnosti pra\u0161ina bilo je ve\u0107 govora u mnogim literaturnim podacima, pa i u na\u0161em radu\u00a0(L1). Mada su mog...<\/p><\/a><\/li><li><a class=\"tt-recent-post-link\" title=\"Obuka za voza\u010de i rukovaoce opasnim teretom\" href=\"http:\/\/izp.tapavicki.com\/?p=313\"><img src=\"http:\/\/izp.tapavicki.com\/wp-content\/uploads\/2014\/10\/adr-65x65.jpg\" alt=\"Obuka za voza\u010de i rukovaoce opasnim teretom\" class=\"tt-blog-sc-img\" \/><h4>Obuka za voza\u010de i rukovaoce opasnim teretom<\/h4><p>INSTITUT prima prijave za ADR\/RID obuku za voza\u010de i rukovaoce opasnim teretom koja je planirana da se odr\u017ei od 09...<\/p><\/a><\/li><\/ul><\/div><br class=\"clear\" \/>\n<\/div><br class=\"clear\" \/>\n<h6 class=\"heading-horizontal\" style=\"margin:50px 0 50px 0;\"><span>Modern &#8211; 2 column<\/span><\/h6>\n<div class=\"blog-posts-shortcode-outer-wrap tt_\">\r\n\t\t<div class=\"one_half tt-column\">\r\n\t\t\t<div class=\"modern_img_frame modern_two_col_large\">\r\n\t\t\t\t<div class=\"img-preload lightbox-img\">\r\n\t\t\t\t\t<a href=\"http:\/\/izp.tapavicki.com\/?p=471\" class=\"attachment-fadeIn\">\r\n\t\t\t\t\t\t<div class=\"lightbox-zoom zoom-2 zoom-link\" style=\"position:absolute; display: none;\">&nbsp;<\/div><img src=\"http:\/\/izp.tapavicki.com\/wp-content\/themes\/karma\/framework\/extended\/timthumb\/timthumb.php?src=http:\/\/www.atex.ba\/extern\/news\/atex2014.jpg&amp;h=234&amp;w=437\" alt=\"ZAKLJU\u010cCI 7. Me\u0111unarodne \u201cEx\u201d Tribine PDF\" \/><\/a><\/div><\/div><h4>ZAKLJU\u010cCI 7. Me\u0111unarodne \u201cEx\u201d Tribine PDF<\/h4><p>Na osnovu izlo\u017eenih radova, komentara, diskusija i okruglih stolova na sedmoj me\u0111unarodnoj \u201cEx\u201d Tribini odr\u017e...<\/p><a href=\"http:\/\/izp.tapavicki.com\/?p=471\">Read More<\/a><\/div>\r\n\t\t<div class=\"one_half_last tt-column\">\r\n\t\t\t<div class=\"modern_img_frame modern_two_col_large\">\r\n\t\t\t\t<div class=\"img-preload lightbox-img\">\r\n\t\t\t\t\t<a href=\"http:\/\/izp.tapavicki.com\/?p=456\" class=\"attachment-fadeIn\">\r\n\t\t\t\t\t\t<div class=\"lightbox-zoom zoom-2 zoom-link\" style=\"position:absolute; display: none;\">&nbsp;<\/div><span class=\"tt-blog-placeholder tt-blog-two_col_large\">&nbsp;<\/span><\/a><\/div><\/div><h4>Ispitivanje relavantnih osobina eksplozivnih pra\u0161ina<\/h4><p>O eksplozivnosti pra\u0161ina bilo je ve\u0107 govora u mnogim literaturnim podacima, pa i u na\u0161em radu\u00a0(L1). Mada su mog...<\/p><a href=\"http:\/\/izp.tapavicki.com\/?p=456\">Read More<\/a><\/div><\/div><br class=\"clear\" \/>\n<h6 class=\"heading-horizontal\" style=\"margin:50px 0 50px 0;\"><span>Modern &#8211; 3 column<\/span><\/h6>\n<div class=\"blog-posts-shortcode-outer-wrap tt_\">\r\n\t\t<div class=\"one_third tt-column\">\r\n\t\t\t<div class=\"modern_img_frame modern_three_col_large\">\r\n\t\t\t\t<div class=\"img-preload lightbox-img\">\r\n\t\t\t\t\t<a href=\"http:\/\/izp.tapavicki.com\/?p=471\" class=\"attachment-fadeIn\">\r\n\t\t\t\t\t\t<div class=\"lightbox-zoom zoom-3 zoom-link\" style=\"position:absolute; display: none;\">&nbsp;<\/div><img src=\"http:\/\/izp.tapavicki.com\/wp-content\/themes\/karma\/framework\/extended\/timthumb\/timthumb.php?src=http:\/\/www.atex.ba\/extern\/news\/atex2014.jpg&amp;h=145&amp;w=275\" alt=\"ZAKLJU\u010cCI 7. Me\u0111unarodne \u201cEx\u201d Tribine PDF\" \/><\/a><\/div><\/div><h4>ZAKLJU\u010cCI 7. Me\u0111unarodne \u201cEx\u201d Tribine PDF<\/h4><p>Na osnovu izlo\u017eenih radova, komentara, diskusija i okruglih stolova na sedmoj me\u0111unarodnoj \u201cEx\u201d Tribini odr\u017e...<\/p><a href=\"http:\/\/izp.tapavicki.com\/?p=471\">Read More<\/a><\/div>\r\n\t\t<div class=\"one_third tt-column\">\r\n\t\t\t<div class=\"modern_img_frame modern_three_col_large\">\r\n\t\t\t\t<div class=\"img-preload lightbox-img\">\r\n\t\t\t\t\t<a href=\"http:\/\/izp.tapavicki.com\/?p=456\" class=\"attachment-fadeIn\">\r\n\t\t\t\t\t\t<div class=\"lightbox-zoom zoom-3 zoom-link\" style=\"position:absolute; display: none;\">&nbsp;<\/div><span class=\"tt-blog-placeholder tt-blog-three_col_large\">&nbsp;<\/span><\/a><\/div><\/div><h4>Ispitivanje relavantnih osobina eksplozivnih pra\u0161ina<\/h4><p>O eksplozivnosti pra\u0161ina bilo je ve\u0107 govora u mnogim literaturnim podacima, pa i u na\u0161em radu\u00a0(L1). Mada su mog...<\/p><a href=\"http:\/\/izp.tapavicki.com\/?p=456\">Read More<\/a><\/div>\r\n\t\t<div class=\"one_third_last tt-column\">\r\n\t\t\t<div class=\"modern_img_frame modern_three_col_large\">\r\n\t\t\t\t<div class=\"img-preload lightbox-img\">\r\n\t\t\t\t\t<a href=\"http:\/\/izp.tapavicki.com\/?p=313\" class=\"attachment-fadeIn\">\r\n\t\t\t\t\t\t<div class=\"lightbox-zoom zoom-3 zoom-link\" style=\"position:absolute; display: none;\">&nbsp;<\/div><img src=\"adr-250x145.jpg\" alt=\"Obuka za voza\u010de i rukovaoce opasnim teretom\" \/><\/a><\/div><\/div><h4>Obuka za voza\u010de i rukovaoce opasnim teretom<\/h4><p>INSTITUT prima prijave za ADR\/RID obuku za voza\u010de i rukovaoce opasnim teretom koja je planirana da se odr\u017ei od 09...<\/p><a href=\"http:\/\/izp.tapavicki.com\/?p=313\">Read More<\/a><\/div><\/div><br class=\"clear\" \/>\n<h6 class=\"heading-horizontal\" style=\"margin:50px 0 50px 0;\"><span>Modern &#8211; 4 column<\/span><\/h6>\n<div class=\"blog-posts-shortcode-outer-wrap tt_\">\r\n\t\t<div class=\"one_fourth tt-column\">\r\n\t\t\t<div class=\"modern_img_frame modern_four_col_large\">\r\n\t\t\t\t<div class=\"img-preload lightbox-img\">\r\n\t\t\t\t\t<a href=\"http:\/\/izp.tapavicki.com\/?p=471\" class=\"attachment-fadeIn\">\r\n\t\t\t\t\t\t<div class=\"lightbox-zoom zoom-4 zoom-link\" style=\"position:absolute; display: none;\">&nbsp;<\/div><img src=\"http:\/\/izp.tapavicki.com\/wp-content\/themes\/karma\/framework\/extended\/timthumb\/timthumb.php?src=http:\/\/www.atex.ba\/extern\/news\/atex2014.jpg&amp;h=111&amp;w=190\" alt=\"ZAKLJU\u010cCI 7. Me\u0111unarodne \u201cEx\u201d Tribine PDF\" \/><\/a><\/div><\/div><h4>ZAKLJU\u010cCI 7. Me\u0111unarodne \u201cEx\u201d Tribine PDF<\/h4><p>Na osnovu izlo\u017eenih radova, komentara, diskusija i okruglih stolova na sedmoj me\u0111unarodnoj \u201cEx\u201d Tribini odr\u017e...<\/p><a href=\"http:\/\/izp.tapavicki.com\/?p=471\">Read More<\/a><\/div>\r\n\t\t<div class=\"one_fourth tt-column\">\r\n\t\t\t<div class=\"modern_img_frame modern_four_col_large\">\r\n\t\t\t\t<div class=\"img-preload lightbox-img\">\r\n\t\t\t\t\t<a href=\"http:\/\/izp.tapavicki.com\/?p=456\" class=\"attachment-fadeIn\">\r\n\t\t\t\t\t\t<div class=\"lightbox-zoom zoom-4 zoom-link\" style=\"position:absolute; display: none;\">&nbsp;<\/div><span class=\"tt-blog-placeholder tt-blog-four_col_large\">&nbsp;<\/span><\/a><\/div><\/div><h4>Ispitivanje relavantnih osobina eksplozivnih pra\u0161ina<\/h4><p>O eksplozivnosti pra\u0161ina bilo je ve\u0107 govora u mnogim literaturnim podacima, pa i u na\u0161em radu\u00a0(L1). Mada su mog...<\/p><a href=\"http:\/\/izp.tapavicki.com\/?p=456\">Read More<\/a><\/div>\r\n\t\t<div class=\"one_fourth tt-column\">\r\n\t\t\t<div class=\"modern_img_frame modern_four_col_large\">\r\n\t\t\t\t<div class=\"img-preload lightbox-img\">\r\n\t\t\t\t\t<a href=\"http:\/\/izp.tapavicki.com\/?p=313\" class=\"attachment-fadeIn\">\r\n\t\t\t\t\t\t<div class=\"lightbox-zoom zoom-4 zoom-link\" style=\"position:absolute; display: none;\">&nbsp;<\/div><img src=\"http:\/\/izp.tapavicki.com\/wp-content\/uploads\/2014\/10\/adr-190x111.jpg\" alt=\"Obuka za voza\u010de i rukovaoce opasnim teretom\" \/><\/a><\/div><\/div><h4>Obuka za voza\u010de i rukovaoce opasnim teretom<\/h4><p>INSTITUT prima prijave za ADR\/RID obuku za voza\u010de i rukovaoce opasnim teretom koja je planirana da se odr\u017ei od 09...<\/p><a href=\"http:\/\/izp.tapavicki.com\/?p=313\">Read More<\/a><\/div><\/div><br class=\"clear\" \/>\n<h6 class=\"heading-horizontal\" style=\"margin:50px 0 50px 0;\"><span>Shadow &#8211; 2 column<\/span><\/h6>\n<div class=\"blog-posts-shortcode-outer-wrap tt_\">\r\n\t\t<div class=\"one_half tt-column\">\r\n\t\t\t<div class=\"shadow_img_frame shadow_two_col_large\">\r\n\t\t\t\t<div class=\"img-preload lightbox-img\">\r\n\t\t\t\t\t<a href=\"http:\/\/izp.tapavicki.com\/?p=471\" class=\"attachment-fadeIn\">\r\n\t\t\t\t\t\t<div class=\"lightbox-zoom zoom-2 zoom-link\" style=\"position:absolute; display: none;\">&nbsp;<\/div><img src=\"http:\/\/izp.tapavicki.com\/wp-content\/themes\/karma\/framework\/extended\/timthumb\/timthumb.php?src=http:\/\/www.atex.ba\/extern\/news\/atex2014.jpg&amp;h=234&amp;w=437\" alt=\"ZAKLJU\u010cCI 7. Me\u0111unarodne \u201cEx\u201d Tribine PDF\" \/><\/a><\/div><\/div><h4>ZAKLJU\u010cCI 7. Me\u0111unarodne \u201cEx\u201d Tribine PDF<\/h4><p>Na osnovu izlo\u017eenih radova, komentara, diskusija i okruglih stolova na sedmoj me\u0111unarodnoj \u201cEx\u201d Tribini odr\u017e...<\/p><a href=\"http:\/\/izp.tapavicki.com\/?p=471\">Read More<\/a><\/div>\r\n\t\t<div class=\"one_half_last tt-column\">\r\n\t\t\t<div class=\"shadow_img_frame shadow_two_col_large\">\r\n\t\t\t\t<div class=\"img-preload lightbox-img\">\r\n\t\t\t\t\t<a href=\"http:\/\/izp.tapavicki.com\/?p=456\" class=\"attachment-fadeIn\">\r\n\t\t\t\t\t\t<div class=\"lightbox-zoom zoom-2 zoom-link\" style=\"position:absolute; display: none;\">&nbsp;<\/div><span class=\"tt-blog-placeholder tt-blog-two_col_large\">&nbsp;<\/span><\/a><\/div><\/div><h4>Ispitivanje relavantnih osobina eksplozivnih pra\u0161ina<\/h4><p>O eksplozivnosti pra\u0161ina bilo je ve\u0107 govora u mnogim literaturnim podacima, pa i u na\u0161em radu\u00a0(L1). Mada su mog...<\/p><a href=\"http:\/\/izp.tapavicki.com\/?p=456\">Read More<\/a><\/div><\/div><br class=\"clear\" \/>\n<h6 class=\"heading-horizontal\" style=\"margin:50px 0 50px 0;\"><span>Shadow &#8211; 3 column<\/span><\/h6>\n<div class=\"blog-posts-shortcode-outer-wrap tt_\">\r\n\t\t<div class=\"one_third tt-column\">\r\n\t\t\t<div class=\"shadow_img_frame shadow_three_col_large\">\r\n\t\t\t\t<div class=\"img-preload lightbox-img\">\r\n\t\t\t\t\t<a href=\"http:\/\/izp.tapavicki.com\/?p=471\" class=\"attachment-fadeIn\">\r\n\t\t\t\t\t\t<div class=\"lightbox-zoom zoom-3 zoom-link\" style=\"position:absolute; display: none;\">&nbsp;<\/div><img src=\"http:\/\/izp.tapavicki.com\/wp-content\/themes\/karma\/framework\/extended\/timthumb\/timthumb.php?src=http:\/\/www.atex.ba\/extern\/news\/atex2014.jpg&amp;h=145&amp;w=275\" alt=\"ZAKLJU\u010cCI 7. Me\u0111unarodne \u201cEx\u201d Tribine PDF\" \/><\/a><\/div><\/div><h4>ZAKLJU\u010cCI 7. Me\u0111unarodne \u201cEx\u201d Tribine PDF<\/h4><p>Na osnovu izlo\u017eenih radova, komentara, diskusija i okruglih stolova na sedmoj me\u0111unarodnoj \u201cEx\u201d Tribini odr\u017e...<\/p><a href=\"http:\/\/izp.tapavicki.com\/?p=471\">Read More<\/a><\/div>\r\n\t\t<div class=\"one_third tt-column\">\r\n\t\t\t<div class=\"shadow_img_frame shadow_three_col_large\">\r\n\t\t\t\t<div class=\"img-preload lightbox-img\">\r\n\t\t\t\t\t<a href=\"http:\/\/izp.tapavicki.com\/?p=456\" class=\"attachment-fadeIn\">\r\n\t\t\t\t\t\t<div class=\"lightbox-zoom zoom-3 zoom-link\" style=\"position:absolute; display: none;\">&nbsp;<\/div><span class=\"tt-blog-placeholder tt-blog-three_col_large\">&nbsp;<\/span><\/a><\/div><\/div><h4>Ispitivanje relavantnih osobina eksplozivnih pra\u0161ina<\/h4><p>O eksplozivnosti pra\u0161ina bilo je ve\u0107 govora u mnogim literaturnim podacima, pa i u na\u0161em radu\u00a0(L1). Mada su mog...<\/p><a href=\"http:\/\/izp.tapavicki.com\/?p=456\">Read More<\/a><\/div>\r\n\t\t<div class=\"one_third_last tt-column\">\r\n\t\t\t<div class=\"shadow_img_frame shadow_three_col_large\">\r\n\t\t\t\t<div class=\"img-preload lightbox-img\">\r\n\t\t\t\t\t<a href=\"http:\/\/izp.tapavicki.com\/?p=313\" class=\"attachment-fadeIn\">\r\n\t\t\t\t\t\t<div class=\"lightbox-zoom zoom-3 zoom-link\" style=\"position:absolute; display: none;\">&nbsp;<\/div><img src=\"adr-250x145.jpg\" alt=\"Obuka za voza\u010de i rukovaoce opasnim teretom\" \/><\/a><\/div><\/div><h4>Obuka za voza\u010de i rukovaoce opasnim teretom<\/h4><p>INSTITUT prima prijave za ADR\/RID obuku za voza\u010de i rukovaoce opasnim teretom koja je planirana da se odr\u017ei od 09...<\/p><a href=\"http:\/\/izp.tapavicki.com\/?p=313\">Read More<\/a><\/div><\/div><br class=\"clear\" \/>\n<h6 class=\"heading-horizontal\" style=\"margin:50px 0 50px 0;\"><span>Shadow &#8211; 4 column<\/span><\/h6>\n<div class=\"blog-posts-shortcode-outer-wrap tt_\">\r\n\t\t<div class=\"one_fourth tt-column\">\r\n\t\t\t<div class=\"shadow_img_frame shadow_four_col_large\">\r\n\t\t\t\t<div class=\"img-preload lightbox-img\">\r\n\t\t\t\t\t<a href=\"http:\/\/izp.tapavicki.com\/?p=471\" class=\"attachment-fadeIn\">\r\n\t\t\t\t\t\t<div class=\"lightbox-zoom zoom-4 zoom-link\" style=\"position:absolute; display: none;\">&nbsp;<\/div><img src=\"http:\/\/izp.tapavicki.com\/wp-content\/themes\/karma\/framework\/extended\/timthumb\/timthumb.php?src=http:\/\/www.atex.ba\/extern\/news\/atex2014.jpg&amp;h=111&amp;w=190\" alt=\"ZAKLJU\u010cCI 7. Me\u0111unarodne \u201cEx\u201d Tribine PDF\" \/><\/a><\/div><\/div><h4>ZAKLJU\u010cCI 7. Me\u0111unarodne \u201cEx\u201d Tribine PDF<\/h4><p>Na osnovu izlo\u017eenih radova, komentara, diskusija i okruglih stolova na sedmoj me\u0111unarodnoj \u201cEx\u201d Tribini odr\u017e...<\/p><a href=\"http:\/\/izp.tapavicki.com\/?p=471\">Read More<\/a><\/div>\r\n\t\t<div class=\"one_fourth tt-column\">\r\n\t\t\t<div class=\"shadow_img_frame shadow_four_col_large\">\r\n\t\t\t\t<div class=\"img-preload lightbox-img\">\r\n\t\t\t\t\t<a href=\"http:\/\/izp.tapavicki.com\/?p=456\" class=\"attachment-fadeIn\">\r\n\t\t\t\t\t\t<div class=\"lightbox-zoom zoom-4 zoom-link\" style=\"position:absolute; display: none;\">&nbsp;<\/div><span class=\"tt-blog-placeholder tt-blog-four_col_large\">&nbsp;<\/span><\/a><\/div><\/div><h4>Ispitivanje relavantnih osobina eksplozivnih pra\u0161ina<\/h4><p>O eksplozivnosti pra\u0161ina bilo je ve\u0107 govora u mnogim literaturnim podacima, pa i u na\u0161em radu\u00a0(L1). Mada su mog...<\/p><a href=\"http:\/\/izp.tapavicki.com\/?p=456\">Read More<\/a><\/div>\r\n\t\t<div class=\"one_fourth tt-column\">\r\n\t\t\t<div class=\"shadow_img_frame shadow_four_col_large\">\r\n\t\t\t\t<div class=\"img-preload lightbox-img\">\r\n\t\t\t\t\t<a href=\"http:\/\/izp.tapavicki.com\/?p=313\" class=\"attachment-fadeIn\">\r\n\t\t\t\t\t\t<div class=\"lightbox-zoom zoom-4 zoom-link\" style=\"position:absolute; display: none;\">&nbsp;<\/div><img src=\"http:\/\/izp.tapavicki.com\/wp-content\/uploads\/2014\/10\/adr-190x111.jpg\" alt=\"Obuka za voza\u010de i rukovaoce opasnim teretom\" \/><\/a><\/div><\/div><h4>Obuka za voza\u010de i rukovaoce opasnim teretom<\/h4><p>INSTITUT prima prijave za ADR\/RID obuku za voza\u010de i rukovaoce opasnim teretom koja je planirana da se odr\u017ei od 09...<\/p><a href=\"http:\/\/izp.tapavicki.com\/?p=313\">Read More<\/a><\/div><\/div><br class=\"clear\" \/>\n<p>&nbsp;<\/p>","protected":false},"excerpt":{"rendered":"<p>INSTITUT prima prijave za ADR\/RID obuku za voza\u010de i rukovaoce opasnim teretom koja je planirana da se odr\u017ei od 09. do 13 juna 2014. godine u ZRENJANINU, u sali za sastanke NIS SERVISNI CENTAR ZRENJANIN, Lazareva\u010dki put bb. Kandidati koji \u017eele poha\u0111ati obuku moraju poslati li\u010dne podatke sa prijavom najkasnije do 05.06.2014. god. (\u010detvrtak) na slede\u0107i e-mail: laslo.poljak@izp.rs. Ispit za voza\u010de \u0107e biti odr\u017ean 26.06.2014. godine u 9 h, u Upravi za transport opasnog tereta u Beogradu, Omladinskih brigada br. &#8230;<\/p>","protected":false},"author":1,"featured_media":0,"parent":0,"menu_order":0,"comment_status":"open","ping_status":"open","template":"template-full-width.php","meta":[],"featured_image_src":null,"featured_image_src_square":null,"_links":{"self":[{"href":"http:\/\/izp.tapavicki.com\/index.php?rest_route=\/wp\/v2\/pages\/66"}],"collection":[{"href":"http:\/\/izp.tapavicki.com\/index.php?rest_route=\/wp\/v2\/pages"}],"about":[{"href":"http:\/\/izp.tapavicki.com\/index.php?rest_route=\/wp\/v2\/types\/page"}],"author":[{"embeddable":true,"href":"http:\/\/izp.tapavicki.com\/index.php?rest_route=\/wp\/v2\/users\/1"}],"replies":[{"embeddable":true,"href":"http:\/\/izp.tapavicki.com\/index.php?rest_route=%2Fwp%2Fv2%2Fcomments&post=66"}],"version-history":[{"count":0,"href":"http:\/\/izp.tapavicki.com\/index.php?rest_route=\/wp\/v2\/pages\/66\/revisions"}],"wp:attachment":[{"href":"http:\/\/izp.tapavicki.com\/index.php?rest_route=%2Fwp%2Fv2%2Fmedia&parent=66"}],"curies":[{"name":"wp","href":"https:\/\/api.w.org\/{rel}","templated":true}]}}