{"id":532,"date":"2020-02-20T14:52:41","date_gmt":"2020-02-20T14:52:41","guid":{"rendered":"http:\/\/izp.mojpr.com\/?page_id=532"},"modified":"2020-02-20T14:53:16","modified_gmt":"2020-02-20T14:53:16","slug":"laboratorija-nis","status":"publish","type":"page","link":"http:\/\/izp.tapavicki.com\/?page_id=532","title":{"rendered":"Laboratorija Ni\u0161"},"content":{"rendered":"<p><img decoding=\"async\" loading=\"lazy\" class=\"margin: 0 0 0 5px; alignright wp-image-274 size-full\" src=\"http:\/\/izp.mojpr.com\/wp-content\/uploads\/2014\/10\/akr-lab.jpg\" alt=\"akr-lab\" width=\"250\" height=\"326\" srcset=\"http:\/\/izp.tapavicki.com\/wp-content\/uploads\/2014\/10\/akr-lab.jpg 250w, http:\/\/izp.tapavicki.com\/wp-content\/uploads\/2014\/10\/akr-lab-230x300.jpg 230w\" sizes=\"(max-width: 250px) 100vw, 250px\" \/>Poseban deo na\u0161eg preduze\u0107a \u010dini <strong>Akreditovana laboratorija<\/strong> u okviru koje egzistira laboratorija za\u00a0<strong>ispitivanje elektro opreme i ure\u0111aja u &#8220;Ex&#8221; izvedbi \u2013 &#8220;Ex&#8221;<\/strong> laboratorija, kao i laboratorija za\u00a0<strong>ispitivanje buke, emisije \u0161tetnih i opasnih materija u \u017eivotnu sredinu <\/strong><strong>i laboratorija za <\/strong><strong>ispitivanje stabilnih posuda pod pritiskom<\/strong>.<\/p>\n<p>Ispitna laboratorija poseduje Sertifikat o akreditaciji Akreditacionog tela Srbije, pod brojem 01-069, prema standardu SRPS ISO\/IEC 17025: 2006. Vr\u0161imo ispitivanja novokonstruisanih ure\u0111aja i ispitivanja na uvezenim serijama &#8220;Ex&#8221; ure\u0111aja. Tako\u0111e vr\u0161imo ispitivanja na popravljanim i remontovanim &#8220;Ex&#8221; ure\u0111ajima od strane ovla\u0161\u0107enih radionica kao i na ure\u0111ajima koje ne poseduju potrebnu atestnu dokumentaciju, radi dokazivanja ispravnosti protiveksplozivne za\u0161tite.<\/p>\n<p>U proteklom periodu u na\u0161oj ispitnoj laboratoriji je izvr\u0161eno vi\u0161e stotina ispitivanja na raznim &#8220;Ex&#8221; ure\u0111ajima i opremi za korisnike kao \u0161to je naftna industrija, prehrambena industrija, farmaceutska industrija, industrija name\u0161taja, fabrike boja i lakova, punionice tehni\u010dkih i prirodnih gasova, metanski rudnici, elektroprivreda, itd.<\/p>\n<p style=\"text-align:;\"><a class=\"ka_button tt_ small_button small_coolblue\" target=\"_new\" title=\"\" href=\"http:\/\/www.registar.ats.rs\/predmet\/101\/\">Re\u0161enje o obimu akreditacije<\/a><\/p>\n<h3 class=\"heading-horizontal\" style=\"margin:20px 0 20px 0;\"><span>PRILOZI<\/span><\/h3>\n","protected":false},"excerpt":{"rendered":"<p>Poseban deo na\u0161eg preduze\u0107a \u010dini Akreditovana laboratorija u okviru koje egzistira laboratorija za\u00a0ispitivanje elektro opreme i ure\u0111aja u &#8220;Ex&#8221; izvedbi \u2013 &#8220;Ex&#8221; laboratorija, kao i laboratorija za\u00a0ispitivanje buke, emisije \u0161tetnih i opasnih materija u \u017eivotnu sredinu i laboratorija za ispitivanje stabilnih posuda pod pritiskom.<br \/>\nIspitna laboratorija poseduje Sertifikat o akreditaciji Akreditacionog tela Srbije, pod brojem 01-069, prema standardu SRPS ISO\/IEC 17025: 2006. Vr\u0161imo ispitivanja novokonstruisanih ure\u0111aja i ispitivanja na uvezenim serijama &#8220;Ex&#8221; ure\u0111aja. Tako\u0111e vr\u0161imo ispitivanja na popravljanim i remontovanim &#8230;<\/p>","protected":false},"author":1,"featured_media":0,"parent":295,"menu_order":0,"comment_status":"open","ping_status":"closed","template":"template_leftnav.php","meta":[],"featured_image_src":null,"featured_image_src_square":null,"_links":{"self":[{"href":"http:\/\/izp.tapavicki.com\/index.php?rest_route=\/wp\/v2\/pages\/532"}],"collection":[{"href":"http:\/\/izp.tapavicki.com\/index.php?rest_route=\/wp\/v2\/pages"}],"about":[{"href":"http:\/\/izp.tapavicki.com\/index.php?rest_route=\/wp\/v2\/types\/page"}],"author":[{"embeddable":true,"href":"http:\/\/izp.tapavicki.com\/index.php?rest_route=\/wp\/v2\/users\/1"}],"replies":[{"embeddable":true,"href":"http:\/\/izp.tapavicki.com\/index.php?rest_route=%2Fwp%2Fv2%2Fcomments&post=532"}],"version-history":[{"count":1,"href":"http:\/\/izp.tapavicki.com\/index.php?rest_route=\/wp\/v2\/pages\/532\/revisions"}],"predecessor-version":[{"id":533,"href":"http:\/\/izp.tapavicki.com\/index.php?rest_route=\/wp\/v2\/pages\/532\/revisions\/533"}],"up":[{"embeddable":true,"href":"http:\/\/izp.tapavicki.com\/index.php?rest_route=\/wp\/v2\/pages\/295"}],"wp:attachment":[{"href":"http:\/\/izp.tapavicki.com\/index.php?rest_route=%2Fwp%2Fv2%2Fmedia&parent=532"}],"curies":[{"name":"wp","href":"https:\/\/api.w.org\/{rel}","templated":true}]}}