{"id":50,"date":"2014-10-08T15:21:21","date_gmt":"2014-10-08T15:21:21","guid":{"rendered":"http:\/\/izp.mojpr.com\/?page_id=50"},"modified":"2014-10-08T15:21:21","modified_gmt":"2014-10-08T15:21:21","slug":"full-width","status":"publish","type":"page","link":"http:\/\/izp.tapavicki.com\/?page_id=50","title":{"rendered":"Full Width"},"content":{"rendered":"<div class=\"shadow_img_frame shadow_banner_full tt_\"><div class=\"img-preload lightbox-img\"><a href=\"#\" class=\"attachment-fadeIn\" data-gal=\"prettyPhoto[]\" title=\"\"><span class=\"lightbox-zoom zoom-banner-full\" style=\"position:absolute; display: none;\">&nbsp;<\/span><img src='http:\/\/izp.tapavicki.com\/wp-content\/themes\/karma\/framework\/extended\/timthumb\/timthumb.php?src=http:\/\/placehold.it\/922x201&amp;h=201&amp;w=922' alt='' class=\"attachment-fadeIn\" \/><\/a><\/div><\/div>\n<div class=\"one_third tt-column\">\n<h4>Built<\/h4>\n<p>Lorem ipsum dolor sit amet, consectetur adipiscing elit. Ut quis sem nibh. Proin fringilla, lectus vitae vestibulum facilisis, est justo tempus orci, vel laoreet diam eros placerat elit. Pellentesque facilisis tempus velit sit amet porttitor. Proin nibh magna, porttitor accumsan malesuada non, auctor id tortor.<\/p>\n<\/div>\n<div class=\"one_third tt-column\">\n<h4>With<\/h4>\n<p>Lorem ipsum dolor sit amet, consectetur adipiscing elit. Ut quis sem nibh. Proin fringilla, lectus vitae vestibulum facilisis, est justo tempus orci, vel laoreet diam eros placerat elit. Pellentesque facilisis tempus velit sit amet porttitor. Proin nibh magna, porttitor accumsan malesuada non, auctor id tortor.<\/p>\n<\/div>\n<div class=\"one_third_last tt-column\">\n<h4>Love<\/h4>\n<p>Lorem ipsum dolor sit amet, consectetur adipiscing elit. Ut quis sem nibh. Proin fringilla, lectus vitae vestibulum facilisis, est justo tempus orci, vel laoreet diam eros placerat elit. Pellentesque facilisis tempus velit sit amet porttitor. Proin nibh magna, porttitor accumsan malesuada non, auctor id tortor.<\/p>\n<\/div><br class=\"clear\" \/>\n<h6 class=\"heading-horizontal\" style=\"margin:20px 0 40px 0;\"><span>services we offer:<\/span><\/h6>\n<div class=\"one_fourth tt-column\">\n<div class=\"true-icon-box tt_  ijJAEOGw\"><span class=\"fa-stack fa-4x\"><i class=\"fa fa-circle fa-stack-2x\"><\/i><i class=\"fa fa-thumbs-o-up fa-stack-1x fa-inverse\"><\/i><\/span>\n<h4>Service 1<\/h4>\n<\/div>\n<p>Vivamus sagittis lacus vel augue laoreet rutrum faucibus dolor auctor. Cras mattis consectetur purus sit amet fermentum.<\/p>\n<\/div>\n<div class=\"one_fourth tt-column\">\n<div class=\"true-icon-box tt_  lRtHGMwj\"><span class=\"fa-stack fa-4x\"><i class=\"fa fa-circle fa-stack-2x\"><\/i><i class=\"fa fa-font fa-stack-1x fa-inverse\"><\/i><\/span>\n<h4>Service 2<\/h4>\n<\/div>\n<p>Vivamus sagittis lacus vel augue laoreet rutrum faucibus dolor auctor. Cras mattis consectetur purus sit amet fermentum.<br \/>\n<\/div>\n<div class=\"one_fourth tt-column\">\n<div class=\"true-icon-box tt_  uLrTmegq\"><span class=\"fa-stack fa-4x\"><i class=\"fa fa-circle fa-stack-2x\"><\/i><i class=\"fa fa-user fa-stack-1x fa-inverse\"><\/i><\/span>\n<h4>Service 3<\/h4>\n<\/div>\n<p>Vivamus sagittis lacus vel augue laoreet rutrum faucibus dolor auctor. Cras mattis consectetur purus sit amet fermentum.<br \/>\n<\/div>\n<div class=\"one_fourth_last tt-column\">\n<div class=\"true-icon-box tt_  XbjGiHph\"><span class=\"fa-stack fa-4x\"><i class=\"fa fa-circle fa-stack-2x\"><\/i><i class=\"fa fa-users fa-stack-1x fa-inverse\"><\/i><\/span>\n<h4>Service 4<\/h4>\n<\/div>\n<p>Vivamus sagittis lacus vel augue laoreet rutrum faucibus dolor auctor. Cras mattis consectetur purus sit amet fermentum.<br \/>\n<\/div><br class=\"clear\" \/>\n<div class=\"hr_gap\" style=\"height:30px;\"><\/div>\n<div class='hr '>&nbsp;<\/div>\n<div class=\"hr_gap\" style=\"height:20px;\"><\/div>\n<div class=\"one_half tt-column\">\n<h5>Tabs Shortcode:<\/h5>\n<div class=\"tabs-area\"><ul class=\"tabset\"><li><a href=\"#tab-\" class=\"tab\"><span>Tabs<\/span><\/a><\/li><li><a href=\"#tab-1\" class=\"tab\"><span>are<\/span><\/a><\/li><li><a href=\"#tab-2\" class=\"tab\"><span>completely<\/span><\/a><\/li><li><a href=\"#tab-3\" class=\"tab\"><span>flexible<\/span><\/a><\/li><\/ul>\n<div id=\"tab-\" class=\"tab-box\">Lorem ipsum dolor sit amet, consectetur adipiscing elit. Ut quis sem nibh. Proin fringilla, lectus vitae vestibulum facilisis, est justo tempus orci, vel laoreet diam eros placerat elit. Pellentesque facilisis tempus velit sit amet porttitor. Proin nibh magna, porttitor accumsan malesuada non, auctor id tortor.<\/div>\n<div id=\"tab-1\" class=\"tab-box\">Lorem ipsum dolor sit amet, consectetur adipiscing elit. Ut quis sem nibh. Proin fringilla, lectus vitae vestibulum facilisis, est justo tempus orci, vel laoreet diam eros placerat elit. Pellentesque facilisis tempus velit sit amet porttitor. Proin nibh magna, porttitor accumsan malesuada non, auctor id tortor.<\/div>\n<div id=\"tab-2\" class=\"tab-box\">Lorem ipsum dolor sit amet, consectetur adipiscing elit. Ut quis sem nibh. Proin fringilla, lectus vitae vestibulum facilisis, est justo tempus orci, vel laoreet diam eros placerat elit. Pellentesque facilisis tempus velit sit amet porttitor. Proin nibh magna, porttitor accumsan malesuada non, auctor id tortor.<\/div>\n<div id=\"tab-3\" class=\"tab-box\">Lorem ipsum dolor sit amet, consectetur adipiscing elit. Ut quis sem nibh. Proin fringilla, lectus vitae vestibulum facilisis, est justo tempus orci, vel laoreet diam eros placerat elit. Pellentesque facilisis tempus velit sit amet porttitor. Proin nibh magna, porttitor accumsan malesuada non, auctor id tortor.<\/div><\/div>\n<\/div>\n<div class=\"one_half_last tt-column\">\n<h5>Blogpost Shortcode:<\/h5>\n<div class=\"blog-posts-shortcode-outer-wrap tt_\"><ul class=\"tt-recent-posts\"><li><a class=\"tt-recent-post-link\" title=\"ZAKLJU\u010cCI 7. Me\u0111unarodne \u201cEx\u201d Tribine PDF\" href=\"http:\/\/izp.tapavicki.com\/?p=471\"><img src=\"http:\/\/izp.tapavicki.com\/wp-content\/themes\/karma\/framework\/extended\/timthumb\/timthumb.php?src=http:\/\/www.atex.ba\/extern\/news\/atex2014.jpg&amp;h=65&amp;w=65\" alt=\"ZAKLJU\u010cCI 7. Me\u0111unarodne \u201cEx\u201d Tribine PDF\" class=\"tt-blog-sc-img\" \/><h4>ZAKLJU\u010cCI 7. Me\u0111unarodne \u201cEx\u201d Tribine PDF<\/h4><p>Na osnovu izlo\u017eenih radova, komentara, diskusija i okruglih stolova na sedmoj me\u0111unarodn...<\/p><\/a><\/li><li><a class=\"tt-recent-post-link\" title=\"Ispitivanje relavantnih osobina eksplozivnih pra\u0161ina\" href=\"http:\/\/izp.tapavicki.com\/?p=456\"><span class=\"tt-blog-placeholder tt-blog-default tt-blog-sc-img\">&nbsp;<\/span><h4>Ispitivanje relavantnih osobina eksplozivnih pra\u0161ina<\/h4><p>O eksplozivnosti pra\u0161ina bilo je ve\u0107 govora u mnogim literaturnim podacima, pa i u na\u0161e...<\/p><\/a><\/li><\/ul><\/div><br class=\"clear\" \/>\n<\/div><br class=\"clear\" \/>","protected":false},"excerpt":{"rendered":"<p>O eksplozivnosti pra\u0161ina bilo je ve\u0107 govora u mnogim literaturnim podacima, pa i u na\u0161em radu\u00a0(L1). Mada su mogu\u0107nosti i posljedice eksplozije pra\u0161ina bilo dugo zanemarivane, praksa je, na\u017ealost\u00a0pokazala da je ovo bilo neopravdano.<br \/>\nZa odgovaraju\u0107i odgovor na potencijalne opasnosti posebno je va\u017eno poznavati bitne\u00a0karakteristike pra\u0161ine od \u010dije se eksplozije \u017eelimo \u0161tititi.<br \/>\n[swf src=&#8221;\/wp-content\/uploads\/011-Ispitivanje-prasina.swf&#8221; width=558 height=785]<\/p>","protected":false},"author":1,"featured_media":0,"parent":0,"menu_order":0,"comment_status":"open","ping_status":"open","template":"template-full-width.php","meta":[],"featured_image_src":null,"featured_image_src_square":null,"_links":{"self":[{"href":"http:\/\/izp.tapavicki.com\/index.php?rest_route=\/wp\/v2\/pages\/50"}],"collection":[{"href":"http:\/\/izp.tapavicki.com\/index.php?rest_route=\/wp\/v2\/pages"}],"about":[{"href":"http:\/\/izp.tapavicki.com\/index.php?rest_route=\/wp\/v2\/types\/page"}],"author":[{"embeddable":true,"href":"http:\/\/izp.tapavicki.com\/index.php?rest_route=\/wp\/v2\/users\/1"}],"replies":[{"embeddable":true,"href":"http:\/\/izp.tapavicki.com\/index.php?rest_route=%2Fwp%2Fv2%2Fcomments&post=50"}],"version-history":[{"count":0,"href":"http:\/\/izp.tapavicki.com\/index.php?rest_route=\/wp\/v2\/pages\/50\/revisions"}],"wp:attachment":[{"href":"http:\/\/izp.tapavicki.com\/index.php?rest_route=%2Fwp%2Fv2%2Fmedia&parent=50"}],"curies":[{"name":"wp","href":"https:\/\/api.w.org\/{rel}","templated":true}]}}