{"id":494,"date":"2015-07-09T12:07:30","date_gmt":"2015-07-09T12:07:30","guid":{"rendered":"http:\/\/izp.mojpr.com\/?page_id=494"},"modified":"2020-02-26T07:27:51","modified_gmt":"2020-02-26T07:27:51","slug":"ispitivanje-relavantnih-osobina-eksplozivnih-prasina","status":"publish","type":"page","link":"http:\/\/izp.tapavicki.com\/?page_id=494","title":{"rendered":"Ispitivanje relavantnih osobina eksplozivnih pra\u0161ina"},"content":{"rendered":"<p>O eksplozivnosti pra\u0161ina bilo je ve\u0107 govora u mnogim literaturnim podacima, pa i u na\u0161em radu\u00a0(L1). Mada su mogu\u0107nosti i posljedice eksplozije pra\u0161ina bilo dugo zanemarivane, praksa je, na\u017ealost\u00a0pokazala da je ovo bilo neopravdano.<\/p>\n<p>Za odgovaraju\u0107i odgovor na potencijalne opasnosti posebno je va\u017eno poznavati bitne\u00a0karakteristike pra\u0161ine od \u010dije se eksplozije \u017eelimo \u0161tititi.<\/p>\n<p><![if !IE]><iframe loading=\"lazy\" src=\"http:\/\/docs.google.com\/viewer?url=http%3A%2F%2Fizp.mojpr.com%2Fwp-content%2Fuploads%2F011-Ispitivanje-prasina.pdf&amp;embedded=true\" class=\"pdf\" frameborder=\"0\" style=\"height:750px;width:500px;border:0\" width=\"500\" height=\"750\"><\/iframe><![endif]><!--[if IE]><object width=\"500\" height=\"750\" type=\"application\/pdf\" data=\"http:\/\/izp.mojpr.com\/wp-content\/uploads\/011-Ispitivanje-prasina.pdf\" class=\"pdf ie\">\n \n<div style=\"width:500;height:750;text-align:center;background:#fff;color:#000;margin:0;border:0;padding:0\">Unable to display PDF<br \/><a href=\"http:\/\/izp.mojpr.com\/wp-content\/uploads\/011-Ispitivanje-prasina.pdf\">Click here to download<\/a><\/div>\n \n<\/object><![endif]--><\/p>","protected":false},"excerpt":{"rendered":"<p>O eksplozivnosti pra\u0161ina bilo je ve\u0107 govora u mnogim literaturnim podacima, pa i u na\u0161em radu\u00a0(L1). Mada su mogu\u0107nosti i posljedice eksplozije pra\u0161ina bilo dugo zanemarivane, praksa je, na\u017ealost\u00a0pokazala da je ovo bilo neopravdano.<br \/>\nZa odgovaraju\u0107i odgovor na potencijalne opasnosti posebno je va\u017eno poznavati bitne\u00a0karakteristike pra\u0161ine od \u010dije se eksplozije \u017eelimo \u0161tititi.<\/p>","protected":false},"author":1,"featured_media":0,"parent":323,"menu_order":0,"comment_status":"open","ping_status":"closed","template":"template-full-width.php","meta":[],"featured_image_src":null,"featured_image_src_square":null,"_links":{"self":[{"href":"http:\/\/izp.tapavicki.com\/index.php?rest_route=\/wp\/v2\/pages\/494"}],"collection":[{"href":"http:\/\/izp.tapavicki.com\/index.php?rest_route=\/wp\/v2\/pages"}],"about":[{"href":"http:\/\/izp.tapavicki.com\/index.php?rest_route=\/wp\/v2\/types\/page"}],"author":[{"embeddable":true,"href":"http:\/\/izp.tapavicki.com\/index.php?rest_route=\/wp\/v2\/users\/1"}],"replies":[{"embeddable":true,"href":"http:\/\/izp.tapavicki.com\/index.php?rest_route=%2Fwp%2Fv2%2Fcomments&post=494"}],"version-history":[{"count":4,"href":"http:\/\/izp.tapavicki.com\/index.php?rest_route=\/wp\/v2\/pages\/494\/revisions"}],"predecessor-version":[{"id":499,"href":"http:\/\/izp.tapavicki.com\/index.php?rest_route=\/wp\/v2\/pages\/494\/revisions\/499"}],"up":[{"embeddable":true,"href":"http:\/\/izp.tapavicki.com\/index.php?rest_route=\/wp\/v2\/pages\/323"}],"wp:attachment":[{"href":"http:\/\/izp.tapavicki.com\/index.php?rest_route=%2Fwp%2Fv2%2Fmedia&parent=494"}],"curies":[{"name":"wp","href":"https:\/\/api.w.org\/{rel}","templated":true}]}}