{"id":478,"date":"2015-07-09T06:05:53","date_gmt":"2015-07-09T06:05:53","guid":{"rendered":"http:\/\/izp.mojpr.com\/?page_id=478"},"modified":"2020-02-26T07:29:05","modified_gmt":"2020-02-26T07:29:05","slug":"zakljucci-7-medunarodne-ex-tribine-pdf","status":"publish","type":"page","link":"http:\/\/izp.tapavicki.com\/?page_id=478","title":{"rendered":"ZAKLJU\u010cCI 7. Me\u0111unarodne \u201cEx\u201d Tribine PDF"},"content":{"rendered":"<section class=\"wpb-content-wrapper\">[vc_row][vc_column][vc_column_text]Na osnovu izlo\u017eenih radova, komentara, diskusija i okruglih stolova na sedmoj me\u0111unarodnoj \u201cEx\u201d Tribini odr\u017eanoj 21, 22 i 23. septembra 2011 godine na kojoj je u\u010destvovalo 140 stru\u010dnjaka iz oblasti protiveksplozivne za\u0161tite iz svih oblasti dru\u0161tvenog \u017eivota koje su u vezi sa za\u0161titom od eksplozije doneti su zaklju\u010dci\u2026<\/p>\n           \r\n            <div class=\"onp-locker-call\" style=\"display: none;\" data-lock-id=\"onpLock231909\">\r\n                <p>\n<p><![if !IE]><iframe loading=\"lazy\" src=\"http:\/\/docs.google.com\/viewer?url=http%3A%2F%2Fizp.mojpr.com%2Fwp-content%2Fuploads%2F8__Zakljucci_Ex_Tribina_7_2011.pdf&amp;embedded=true\" class=\"pdf\" frameborder=\"0\" style=\"height:750px;width:500px;border:0\" width=\"500\" height=\"750\"><\/iframe><![endif]><!--[if IE]><object width=\"500\" height=\"750\" type=\"application\/pdf\" data=\"http:\/\/izp.mojpr.com\/wp-content\/uploads\/8__Zakljucci_Ex_Tribina_7_2011.pdf\" class=\"pdf ie\">\n \n<div style=\"width:500;height:750;text-align:center;background:#fff;color:#000;margin:0;border:0;padding:0\">Unable to display PDF<br \/><a href=\"http:\/\/izp.mojpr.com\/wp-content\/uploads\/8__Zakljucci_Ex_Tribina_7_2011.pdf\">Click here to download<\/a><\/div>\n \n<\/object><![endif]--><\/p>\n<\/p>\r\n            <\/div>\r\n         \r\n\r\n        [\/vc_column_text][\/vc_column][\/vc_row]<\/section>","protected":false},"excerpt":{"rendered":"<p>[vc_row][vc_column][vc_column_text]Na osnovu izlo\u017eenih radova, komentara, diskusija i okruglih stolova na sedmoj me\u0111unarodnoj \u201cEx\u201d Tribini odr\u017eanoj 21, 22 i 23. septembra 2011 godine na kojoj je u\u010destvovalo 140 stru\u010dnjaka iz oblasti protiveksplozivne za\u0161tite iz svih oblasti dru\u0161tvenog \u017eivota koje su u vezi sa za\u0161titom od eksplozije doneti su zaklju\u010dci\u2026<br \/>\n[\/vc_column_text][\/vc_column][\/vc_row]<\/p>","protected":false},"author":1,"featured_media":0,"parent":323,"menu_order":0,"comment_status":"open","ping_status":"closed","template":"template-full-width.php","meta":[],"featured_image_src":null,"featured_image_src_square":null,"_links":{"self":[{"href":"http:\/\/izp.tapavicki.com\/index.php?rest_route=\/wp\/v2\/pages\/478"}],"collection":[{"href":"http:\/\/izp.tapavicki.com\/index.php?rest_route=\/wp\/v2\/pages"}],"about":[{"href":"http:\/\/izp.tapavicki.com\/index.php?rest_route=\/wp\/v2\/types\/page"}],"author":[{"embeddable":true,"href":"http:\/\/izp.tapavicki.com\/index.php?rest_route=\/wp\/v2\/users\/1"}],"replies":[{"embeddable":true,"href":"http:\/\/izp.tapavicki.com\/index.php?rest_route=%2Fwp%2Fv2%2Fcomments&post=478"}],"version-history":[{"count":5,"href":"http:\/\/izp.tapavicki.com\/index.php?rest_route=\/wp\/v2\/pages\/478\/revisions"}],"predecessor-version":[{"id":493,"href":"http:\/\/izp.tapavicki.com\/index.php?rest_route=\/wp\/v2\/pages\/478\/revisions\/493"}],"up":[{"embeddable":true,"href":"http:\/\/izp.tapavicki.com\/index.php?rest_route=\/wp\/v2\/pages\/323"}],"wp:attachment":[{"href":"http:\/\/izp.tapavicki.com\/index.php?rest_route=%2Fwp%2Fv2%2Fmedia&parent=478"}],"curies":[{"name":"wp","href":"https:\/\/api.w.org\/{rel}","templated":true}]}}