{"id":47,"date":"2014-10-08T15:21:21","date_gmt":"2014-10-08T15:21:21","guid":{"rendered":"http:\/\/izp.mojpr.com\/?page_id=47"},"modified":"2014-10-08T15:21:21","modified_gmt":"2014-10-08T15:21:21","slug":"faq-1","status":"publish","type":"page","link":"http:\/\/izp.tapavicki.com\/?page_id=47","title":{"rendered":"FAQ &#8211; 1"},"content":{"rendered":"<div class=\"one_third tt-column\">\n<div class=\"true-icon-box tt_  ZEMfNIbw\"><span class=\"fa-stack fa-4x\"><i class=\"fa fa-circle fa-stack-2x\"><\/i><i class=\"fa fa-gear fa-stack-1x fa-inverse\"><\/i><\/span>\n<h3>General<\/h3>\n<p>Karma WordPress Theme<\/p>\n<\/div>\n<\/div>\n<div class=\"two_thirds_last tt-column\">\n<ul class=\"accordion accord1  tt_\">\n<li><a href=\"#\" class=\"opener\"><strong>Can I really use a slider on any page layout?<\/strong><\/a><div class=\"slide-holder\"><div class=\"slide\">Yes. Karma now offers the ability to insert a slider on every page template. When creating a page you&#8217;ll simply use Karma&#8217;s custom &#8216;Slider Settings&#8217; section of the Page Editing screen to customize and insert your Slider. We&#8217;ve made sure to stay true to the default WordPress interface so absolutely nothing new to learn. Gone are the days of being locked down to a &#8220;homepage template&#8221;. Boo-yah! <\/div><\/div><\/li>\n<li><a href=\"#\" class=\"opener\"><strong>Is it true I can have unlimited Gallery Pages?<\/strong><\/a><div class=\"slide-holder\"><div class=\"slide\">Indeed it is. In Karma 4.0 we have made it possible to create unlimited Gallery Pages using Parent and Child Categories. First you will go to Gallery Posts &gt; Categories in the WordPress backend, then create a Category, by default it will be a Parent. Now any category you create after just select that previous category as a parent. Each Parent Category represents its own gallery. So now all you have to do is choose the parent category in the page editor for the page you wish to display the gallery on. <\/div><\/div><\/li>\n<li><a href=\"#\" class=\"opener\"><strong>Can I use Shortcodes in a Blog Post?<\/strong><\/a><div class=\"slide-holder\"><div class=\"slide\">Yes you can. We have taken the liberty of putting together some recommended shortcodes for the blog. For recommended Columns <a title=\"Recommended Columns for Blog\" href=\"http:\/\/themes.truethemes.net\/Karma-4.0\/shortcodes-in-the-blog\/\" target=\"_blank\">Click Here<\/a>. And for other Shortcode examples <a title=\"Shortcodes in the Blog\" href=\"http:\/\/themes.truethemes.net\/Karma-4.0\/shortcodes-in-the-blog-pt-2\/\" target=\"_blank\">Click Here.<\/a><\/div><\/div><\/li>\n<li><a href=\"#\" class=\"opener\"><strong>How is it I can build my own homepage?<\/strong><\/a><div class=\"slide-holder\"><div class=\"slide\">We won&#8217;t get into all the technical jargen. We will however say it is as easy as riding a bike. In Karma 4.0 there is no set homepage layout. We have given you the option to use any of the layout templates (Left Sidebar, Right Nav + Sidebar, ect.) as your homepage layout. Also in the Page Editor we have allowed you to turn off certain elements such as the Title Bar to better suit your homepage needs. Combine that with being able to put a slider on any page and VOILA, you get to make your own homepage. Once again, Have Fun! <\/div><\/div><\/li>\n<li><a href=\"#\" class=\"opener\"><strong>Can I use Google Fonts with Karma 4.0?<\/strong><\/a><div class=\"slide-holder\"><div class=\"slide\">You bet you can. Just travel on over to the custom Site Options Panel (Appearance &gt; Site Options &gt; Fonts). When there you will have the ability to choose from 11 preset samples we have provided for the Google Fonts. Or you have the option to enter your own custom font. Cheers!<\/div><\/div><\/li>\n<\/ul><script type='text\/javascript'>jQuery(document).ready(function() {jQuery( \".accord1\" ).accordion({ active: false, autoHeight: false, heightStyle: \"content\", header: \".opener\", collapsible: true, event: \"click\"});});<\/script>\n<\/div><br class=\"clear\" \/>\n<div class=\"hr_gap\" style=\"height:20px;\"><\/div>\n<div class=\"one_third tt-column\">\n<div class=\"true-icon-box tt_  lALcABQz\"><span class=\"fa-stack fa-4x\"><i class=\"fa fa-circle fa-stack-2x\"><\/i><i class=\"fa fa-desktop fa-stack-1x fa-inverse\"><\/i><\/span>\n<h3>Design<\/h3>\n<p>Beautifully crafted<\/p>\n<\/div>\n<\/div>\n<div class=\"two_thirds_last tt-column\">\n<ul class=\"accordion accord2  tt_\">\n<li><a href=\"#\" class=\"opener\"><strong>Is it possible to customize the layout and design of my website's Header area?<\/strong><\/a><div class=\"slide-holder\"><div class=\"slide\">Yes indeed. Karma offers a variety of super easy-to-use styling options for a fully custom Header design. Toggle the top-toolbar, adjust the header height, add widgets, select a custom pattern overlay image and more. You can also use Karma&#8217;s powerful logo options to position your company&#8217;s logo to the left, right or center. <\/div><\/div><\/li>\n<li><a href=\"#\" class=\"opener\"><strong>What are some of the color scheme options that come with this theme?<\/strong><\/a><div class=\"slide-holder\"><div class=\"slide\">Karma was designed by an award-winning graphic design team. It comes packed with 30 gorgeous color schemes making Karma the perfect WordPress theme for every type of business. Powerful administration options also enable you to build your very own custom color scheme. Oh and you can also choose a color scheme on a per-page basis allowing for a different color scheme on each and every page of your website.<\/div><\/div><\/li>\n<li><a href=\"#\" class=\"opener\"><strong>Does Karma display nicely on Retina display?<\/strong><\/a><div class=\"slide-holder\"><div class=\"slide\">Yes indeed. Over 90% of the Karma theme is completely retina-ready right out of the box. The image frame shortcodes are one of the only non-retina items however they still look super-duper gorgeous. Uploading a Retina-ready logo is only a mouse click away. Fire up your retina display and go have a look &#8211; you won&#8217;t be disappointed.<\/div><\/div><\/li>\n<li><a href=\"#\" class=\"opener\"><strong>Any other design customizations I should know about?<\/strong><\/a><div class=\"slide-holder\"><div class=\"slide\">Yes. There are an absolute abundant amount of design and customization options available in this theme. The even cooler part is that we&#8217;ve spent an incredible amount of time in the planning and implementation of these options ensuring that every option baked into Karma is only a few mouse clicks away. Be sure to check out the Design section of this demo site for a more in-depth look.<\/div><\/div><\/li>\n<\/ul><script type='text\/javascript'>jQuery(document).ready(function() {jQuery( \".accord2\" ).accordion({ active: false, autoHeight: false, heightStyle: \"content\", header: \".opener\", collapsible: true, event: \"click\"});});<\/script>\n<\/div><br class=\"clear\" \/>\n<div class=\"hr_gap\" style=\"height:20px;\"><\/div>\n<div class=\"one_third tt-column\">\n<div class=\"true-icon-box tt_  pStdCXKU\"><span class=\"fa-stack fa-4x\"><i class=\"fa fa-circle fa-stack-2x\"><\/i><i class=\"fa fa-gift fa-stack-1x fa-inverse\"><\/i><\/span>\n<h3>Features<\/h3>\n<p>Built for the future<\/p>\n<\/div>\n<\/div>\n<div class=\"two_thirds_last tt-column\">\n<ul class=\"accordion accord3  tt_\">\n<li><a href=\"#\" class=\"opener\"><strong>Does this theme come pre-translated into any other Languages?<\/strong><\/a><div class=\"slide-holder\"><div class=\"slide\">Yes. Karma comes translated in over 10 international languages. We&#8217;ve invested time and money to ensure that you can translate your website with the utmost ease. Languages include: English, \u010ce\u0161tina, Deutsch, Espa\u00f1ol, Fran\u00e7ais, Italiano, Chinese, Nederlands, Polski, Portugu\u00eas, \u0420\u0443\u0441\u0441\u043a\u0438\u0439, T\u00fcrk\u00e7e, Japanese.<\/div><\/div><\/li>\n<li><a href=\"#\" class=\"opener\"><strong>I see that Karma is Accessibility Compliant. What is Accessibility and why it is important?<\/strong><\/a><div class=\"slide-holder\"><div class=\"slide\">Web accessibility means that people with disabilities can use and access your website. More specifically, Web accessibility means that people with disabilities can perceive, understand, navigate, and interact with the Web, and that they can contribute to the Web. During the re-build of Karma we teamed up with an Accessibility Expert to audit the theme and provide guidance about where to improve the theme for greater accessibility.<\/div><\/div><\/li>\n<li><a href=\"#\" class=\"opener\"><strong>Does Karma freely include popular plugins such as LayerSlider and Revolution Slider?<\/strong><\/a><div class=\"slide-holder\"><div class=\"slide\">Yes. We&#8217;ve invested a nice chunk of money to provide you with the highly popular LayerSlider, Slider Revolution and 3D CU3ER Slider Plugins. Karma is fully optimized, seamlessly integrated and ready to rock-and-roll right out of the box. All plugins are kept entirely up to date so that you can keep your money in your pocket and add amazing functionality to your website.<\/div><\/div><\/li>\n<li><a href=\"#\" class=\"opener\"><strong>Do you offer free customer support with the Karma theme?<\/strong><\/a><div class=\"slide-holder\"><div class=\"slide\">You betchya! In many ways you could say that our main product is outstanding theme support. It&#8217;s what we work on the hardest. 90% of our staff is in some way dedicated to this process. Purchase this theme with confidence in knowing that you will be fully backed by a dedicated team of amazingly friendly website professionals.<\/div><\/div><\/li>\n<li><a href=\"#\" class=\"opener\"><strong>Any other features I should know about?<\/strong><\/a><div class=\"slide-holder\"><div class=\"slide\">Yes. There is an absolute boatload of additional features included in this theme. The most important feature is that Karma is actually usable. We&#8217;ve got a combined 10 years working in the trenches at high-cost marketing firms so we absolutely know what it takes to build a successful and usable website. We continue to get repeat customers because Karma is just so darn easy to use. Please be sure to check out the Features section of this demo site for a more in-depth look.<\/div><\/div><\/li>\n<\/ul><script type='text\/javascript'>jQuery(document).ready(function() {jQuery( \".accord3\" ).accordion({ active: false, autoHeight: false, heightStyle: \"content\", header: \".opener\", collapsible: true, event: \"click\"});});<\/script>\n<\/div><br class=\"clear\" \/>","protected":false},"excerpt":{"rendered":"General Karma Wordpress Theme Can I really use a slider on any page layout?Yes. Karma now offers the ability to insert a slider on every page template. When creating a page you'll simply use Karma's custom 'Slider Settings' section of the Page Editing screen to customize and insert your Slider. We've made sure to stay [...]","protected":false},"author":1,"featured_media":0,"parent":0,"menu_order":0,"comment_status":"open","ping_status":"open","template":"template-full-width.php","meta":[],"featured_image_src":null,"featured_image_src_square":null,"_links":{"self":[{"href":"http:\/\/izp.tapavicki.com\/index.php?rest_route=\/wp\/v2\/pages\/47"}],"collection":[{"href":"http:\/\/izp.tapavicki.com\/index.php?rest_route=\/wp\/v2\/pages"}],"about":[{"href":"http:\/\/izp.tapavicki.com\/index.php?rest_route=\/wp\/v2\/types\/page"}],"author":[{"embeddable":true,"href":"http:\/\/izp.tapavicki.com\/index.php?rest_route=\/wp\/v2\/users\/1"}],"replies":[{"embeddable":true,"href":"http:\/\/izp.tapavicki.com\/index.php?rest_route=%2Fwp%2Fv2%2Fcomments&post=47"}],"version-history":[{"count":0,"href":"http:\/\/izp.tapavicki.com\/index.php?rest_route=\/wp\/v2\/pages\/47\/revisions"}],"wp:attachment":[{"href":"http:\/\/izp.tapavicki.com\/index.php?rest_route=%2Fwp%2Fv2%2Fmedia&parent=47"}],"curies":[{"name":"wp","href":"https:\/\/api.w.org\/{rel}","templated":true}]}}