{"id":346,"date":"2014-10-14T09:44:56","date_gmt":"2014-10-14T09:44:56","guid":{"rendered":"http:\/\/izp.mojpr.com\/?page_id=346"},"modified":"2020-02-27T17:14:39","modified_gmt":"2020-02-27T17:14:39","slug":"katodna-zastita","status":"publish","type":"page","link":"http:\/\/izp.tapavicki.com\/?page_id=346","title":{"rendered":"Katodna za\u0161tita"},"content":{"rendered":"<p>Delatnost Instituta u ovoj oblasti je projektovanje, izvo\u0111enje i odr\u017eavanje sistema katodne za\u0161tite, kao i pru\u017eanje konsultantskih usluga u vezi korozije, procene stanja i mogu\u0107nosti korozije na metalnim konstrukcijama u zemlji i u vodi.<\/p>\n<p>Korozija metala u dodiru sa elektrolitom mo\u017ee da prouzrokuje velike materijalne \u0161tete. To se naro\u010dito odnosi na metalne konstrukcije u koje se ula\u017eu velika materijalna sredstva, a predvi\u0111en vek trajanja im je veoma dug. Pri tome su najugro\u017eenije metalne strukture koje se nalaze u zemlji\u0161tu i vodi. One se najefikasnije i najekonomi\u010dnije \u0161tite katodnom za\u0161titom po\u0161to su tro\u0161kovi njenog projektovanja, postavljanja i odr\u017eavanja mali u odnosu na \u0161tete koje mogu nastati usled korozije.<\/p>\n<p>Perforacija cevovoda za transport gasa ili nafte, nastala usled korozije, mo\u017ee da izazove neprocenjive \u0161tete. Bez obzira na velika pobolj\u0161anja kvaliteta izolacionih materijala i drugih sredstava takozvane pasivne za\u0161tite od korozije, katodna za\u0161tita predstavlja najefikasniji na\u010din spre\u010davanja i ubla\u017eavanja nepovoljnog delovanja korozije metala u zemlji\u0161tu i vodi. Primena ove takozvane aktivne za\u0161tite od korozije, pokazala se opravdana i pouzdana \u010dak i kod struktura koje su se nalazile du\u017ee vremena u dodiru sa tlom bez ikakve za\u0161tite od korozije i na kojima je do\u0161lo do perforacije.<\/p>","protected":false},"excerpt":{"rendered":"<p>Delatnost Instituta u ovoj oblasti je projektovanje, izvo\u0111enje i odr\u017eavanje sistema katodne za\u0161tite, kao i pru\u017eanje konsultantskih usluga u vezi korozije, procene stanja i mogu\u0107nosti korozije na metalnim konstrukcijama u zemlji i u vodi.<br \/>\nKorozija metala u dodiru sa elektrolitom mo\u017ee da prouzrokuje velike materijalne \u0161tete. To se naro\u010dito odnosi na metalne konstrukcije u koje se ula\u017eu velika materijalna sredstva, a predvi\u0111en vek trajanja im je veoma dug. Pri tome su najugro\u017eenije metalne strukture koje se nalaze u zemlji\u0161tu i &#8230;<\/p>","protected":false},"author":1,"featured_media":0,"parent":568,"menu_order":0,"comment_status":"open","ping_status":"closed","template":"template_leftnav.php","meta":[],"featured_image_src":null,"featured_image_src_square":null,"_links":{"self":[{"href":"http:\/\/izp.tapavicki.com\/index.php?rest_route=\/wp\/v2\/pages\/346"}],"collection":[{"href":"http:\/\/izp.tapavicki.com\/index.php?rest_route=\/wp\/v2\/pages"}],"about":[{"href":"http:\/\/izp.tapavicki.com\/index.php?rest_route=\/wp\/v2\/types\/page"}],"author":[{"embeddable":true,"href":"http:\/\/izp.tapavicki.com\/index.php?rest_route=\/wp\/v2\/users\/1"}],"replies":[{"embeddable":true,"href":"http:\/\/izp.tapavicki.com\/index.php?rest_route=%2Fwp%2Fv2%2Fcomments&post=346"}],"version-history":[{"count":3,"href":"http:\/\/izp.tapavicki.com\/index.php?rest_route=\/wp\/v2\/pages\/346\/revisions"}],"predecessor-version":[{"id":451,"href":"http:\/\/izp.tapavicki.com\/index.php?rest_route=\/wp\/v2\/pages\/346\/revisions\/451"}],"up":[{"embeddable":true,"href":"http:\/\/izp.tapavicki.com\/index.php?rest_route=\/wp\/v2\/pages\/568"}],"wp:attachment":[{"href":"http:\/\/izp.tapavicki.com\/index.php?rest_route=%2Fwp%2Fv2%2Fmedia&parent=346"}],"curies":[{"name":"wp","href":"https:\/\/api.w.org\/{rel}","templated":true}]}}