{"id":344,"date":"2014-10-14T09:44:18","date_gmt":"2014-10-14T09:44:18","guid":{"rendered":"http:\/\/izp.mojpr.com\/?page_id=344"},"modified":"2020-02-27T17:09:14","modified_gmt":"2020-02-27T17:09:14","slug":"zastita-od-pozara-i-eksplozije","status":"publish","type":"page","link":"http:\/\/izp.tapavicki.com\/?page_id=344","title":{"rendered":"Za\u0161tita od po\u017eara i eksplozije"},"content":{"rendered":"<p>Od samog osnivanja Institut se bavi poslovima iz oblasti za\u0161tite od po\u017eara i eksplozije. Naro\u010dito smo ponosni na oblast protiveksplozivne za\u0161tite, gde se smatramo liderima. Na\u0161 prvi direktor, pokojni I\u0161tvan Karaba, shvataju\u0107i zna\u010daj ove oblasti, profilisao je delovanje Instituta u pravcu koji je ve\u0107 krajem devedesetih godina rezultirao osnivanjem Akreditovane laboratorije za ispitivanje ure\u0111aja u &#8220;Ex&#8221; izvedbi. Razvijaju\u0107i se i dalje, Institut je 2005. godine akreditovao Sertifikaciono telo za sertifikaciju prozvoda u &#8220;Ex&#8221; izvedbi.<\/p>\n<p>Oblast za\u0161tite od po\u017eara i eksplozije \u0161iroko je zastupljena u okviru na\u0161e delatnosti, i obuhvata <strong>izradu planova, studija, analiza i elaborata za\u0161tite od po\u017eara, eleborata o zonama opasnosti, planova evakuacije i uputstva za postupanje u slu\u010daju po\u017eara<\/strong><strong>. <\/strong><strong>Posebnu oblast \u010dini izrada projekata za\u0161tite od po\u017eara<\/strong> stabilnih sistema za ga\u0161enje po\u017eara, stabilnih sistema za dojavu po\u017eara, stabilnih sistema za detekciju eksplozivnih gasova i para, analiza o zonama opasnosti i odre\u0111ivanje ovih zona na mestima koja su ugro\u017eena od nastanka eksplozivnih sme\u0161a zapaljivih gasova, para zapaljivih te\u010dnosti i eksplozivnh pra\u0161ina, elektri\u010dnih instalacija i ure\u0111aja za prostore ugro\u017eene eksplozivnim atmosferama (zapaljivim gasovima, parama zapaljivih te\u010dnosti i eksplozivnim pra\u0161inama), sistema za odvo\u0111enje dima i toplote i dr.<\/p>\n<p>Institut za preventivu vr\u0161i i pregled i <strong>s<\/strong><strong>ervisiranje aparata za ga\u0161enje po\u017eara, hidrantske mre\u017ee, ure\u0111aja i sistema za dojavu po\u017eara, sistema za detekciju eksplozivnih gasova i para, stacionarnih sistema za ga\u0161enje po\u017eara, pregled i ispitivanje protivpani\u010dne rasvete i protivpo\u017earnih klapni<\/strong><strong>.<\/strong><\/p>\n<p>Na\u0161 Institut vr\u0161i obuku radnika iz oblasti za\u0161tite od po\u017eara i eksplozije, prevoza opasnih materija u drumskom saobra\u0107aju (ADR), kao i izradu normativnih akata (pravilnika i programa).<\/p>\n<p>Kopija novog pravilnika izrade <a href=\"http:\/\/izp.co.rs\/docs\/Pravilnik%20Planovi%20ZOP%202010.pdf\">Plana za\u0161tite od po\u017eara<\/a>.<\/p>","protected":false},"excerpt":{"rendered":"<p>Od samog osnivanja Institut se bavi poslovima iz oblasti za\u0161tite od po\u017eara i eksplozije. Naro\u010dito smo ponosni na oblast protiveksplozivne za\u0161tite, gde se smatramo liderima. Na\u0161 prvi direktor, pokojni I\u0161tvan Karaba, shvataju\u0107i zna\u010daj ove oblasti, profilisao je delovanje Instituta u pravcu koji je ve\u0107 krajem devedesetih godina rezultirao osnivanjem Akreditovane laboratorije za ispitivanje ure\u0111aja u &#8220;Ex&#8221; izvedbi. Razvijaju\u0107i se i dalje, Institut je 2005. godine akreditovao Sertifikaciono telo za sertifikaciju prozvoda u &#8220;Ex&#8221; izvedbi.<br \/>\nOblast za\u0161tite od po\u017eara i eksplozije &#8230;<\/p>","protected":false},"author":1,"featured_media":0,"parent":568,"menu_order":0,"comment_status":"open","ping_status":"closed","template":"template_leftnav.php","meta":[],"featured_image_src":null,"featured_image_src_square":null,"_links":{"self":[{"href":"http:\/\/izp.tapavicki.com\/index.php?rest_route=\/wp\/v2\/pages\/344"}],"collection":[{"href":"http:\/\/izp.tapavicki.com\/index.php?rest_route=\/wp\/v2\/pages"}],"about":[{"href":"http:\/\/izp.tapavicki.com\/index.php?rest_route=\/wp\/v2\/types\/page"}],"author":[{"embeddable":true,"href":"http:\/\/izp.tapavicki.com\/index.php?rest_route=\/wp\/v2\/users\/1"}],"replies":[{"embeddable":true,"href":"http:\/\/izp.tapavicki.com\/index.php?rest_route=%2Fwp%2Fv2%2Fcomments&post=344"}],"version-history":[{"count":1,"href":"http:\/\/izp.tapavicki.com\/index.php?rest_route=\/wp\/v2\/pages\/344\/revisions"}],"predecessor-version":[{"id":345,"href":"http:\/\/izp.tapavicki.com\/index.php?rest_route=\/wp\/v2\/pages\/344\/revisions\/345"}],"up":[{"embeddable":true,"href":"http:\/\/izp.tapavicki.com\/index.php?rest_route=\/wp\/v2\/pages\/568"}],"wp:attachment":[{"href":"http:\/\/izp.tapavicki.com\/index.php?rest_route=%2Fwp%2Fv2%2Fmedia&parent=344"}],"curies":[{"name":"wp","href":"https:\/\/api.w.org\/{rel}","templated":true}]}}