{"id":339,"date":"2014-10-14T09:42:51","date_gmt":"2014-10-14T09:42:51","guid":{"rendered":"http:\/\/izp.mojpr.com\/?page_id=339"},"modified":"2020-02-27T17:08:06","modified_gmt":"2020-02-27T17:08:06","slug":"zastita-zivotne-sredine","status":"publish","type":"page","link":"http:\/\/izp.tapavicki.com\/?page_id=339","title":{"rendered":"Za\u0161tita \u017eivotne sredine"},"content":{"rendered":"<p>Jo\u0161 1993. godine Institut za preventivu je me\u0111u prvima u zemlji zapo\u010deo rad u ovoj oblasti izradom prethodnih i detaljnih analiza uticaja objekata, odnosno radova na \u017eivotnu sredinu.<\/p>\n<p>Danas se Institut bavi izradom <strong>slede\u0107e dokumentacije iz oblasti za\u0161tite \u017eivotne sredine<\/strong>, gde smo postigli veoma visok kvalitet, te su na\u0161e procene prepoznatljive i vrlo primenljive:<\/p>\n<p><span class=\"SpellE\"><span lang=\"EN-GB\">Izrada<\/span><\/span><span lang=\"EN-GB\"> <span class=\"SpellE\">studije<\/span> o <span class=\"SpellE\">proceni<\/span> <span class=\"SpellE\">uticaja<\/span><\/span><\/p>\n<ol>\n<li>[infopopup:izrada-studije-o-proceni-uticaja] Izrada studije procene uticaja kao i svih potrebnih\u00a0zahteva za (obezbe\u0111ujemo za vas svu neophodnu dokumentaciju koja je potrebna u proceduri dobijanja saglasnosti na studiju procene uticaja na \u017eivotnu sredinu)<\/li>\n<li>[infopopup:izrada-planova-upravljanja-otpad]\u00a0<em>(Zakon o upravljanju otpadom&#8221;Sl. glasnik RS&#8221;, br. 36\/2009)<\/em><\/li>\n<li>[infopopup:Izrada-politike-prevencije-udesa]\u00a0(za Seveso postrojenja)<\/li>\n<li>Savetodavne usluge u oblasti prava i politike u za\u0161titi \u017eivotne sredine;<\/li>\n<li>Konsultantske usluge za usagla\u0161avanje poslovanja preduze\u0107a sa zahtevima zakonskih propisa iz oblasti za\u0161tite \u017eivotne sredine (uklju\u010duju\u0107i pra\u0107enje propisa iz oblasti \u017eivotne sredine):<\/li>\n<\/ol>\n<p>Instutut vr\u0161i <strong>merenja buke<\/strong> u \u017eivotnoj sredini, kao i <strong>emisije \u0161tetnih i opasnih materija u vazduh<\/strong>, za \u0161ta posedujemo odgovaraju\u0107u akreditaciju dobijenu od Akreditacionog tela Srbije i re\u0161enja nadle\u017enog ministarstva.<\/p>\n<p>Institut za preventivu vr\u0161i <strong>merenje elektromagnetnog zra\u010denja<\/strong> u \u017eivotnoj sredini (zra\u010denje predajnika, baznih stanica mobilne telefonije, i sl.). Navodimo izuzetan zna\u010daj potrebe pronala\u017eenja svih karakteristi\u010dnih rizi\u010dnih ta\u010daka sa aspekta zaga\u0111enja \u017eivotne sredine u Va\u0161im preduze\u0107ima. Mi nidumo kompletnu analizu proizvodnog procesa sa pronala\u017eenjem i kvantifikovanjem svih ekolo\u0161kih rizika, i re\u0161enjem kako da se oni minimiziraju ili otklone (Environmental Due Diligence).<\/p>\n<h3 class=\"heading-horizontal\" style=\"margin:20px 0 20px 0;\"><span>PRILOZI<\/span><\/h3>\n\n<p>&nbsp;<\/p>","protected":false},"excerpt":{"rendered":"<p>Jo\u0161 1993. godine Institut za preventivu je me\u0111u prvima u zemlji zapo\u010deo rad u ovoj oblasti izradom prethodnih i detaljnih analiza uticaja objekata, odnosno radova na \u017eivotnu sredinu.<br \/>\nDanas se Institut bavi izradom slede\u0107e dokumentacije iz oblasti za\u0161tite \u017eivotne sredine, gde smo postigli veoma visok kvalitet, te su na\u0161e procene prepoznatljive i vrlo primenljive:<br \/>\nIzrada studije o proceni uticaja<\/p>\n<p>[infopopup:izrada-studije-o-proceni-uticaja] Izrada studije procene uticaja kao i svih potrebnih\u00a0zahteva za (obezbe\u0111ujemo za vas svu neophodnu dokumentaciju koja je potrebna u &#8230;<\/p>","protected":false},"author":1,"featured_media":0,"parent":568,"menu_order":0,"comment_status":"open","ping_status":"closed","template":"template_leftnav.php","meta":[],"featured_image_src":null,"featured_image_src_square":null,"_links":{"self":[{"href":"http:\/\/izp.tapavicki.com\/index.php?rest_route=\/wp\/v2\/pages\/339"}],"collection":[{"href":"http:\/\/izp.tapavicki.com\/index.php?rest_route=\/wp\/v2\/pages"}],"about":[{"href":"http:\/\/izp.tapavicki.com\/index.php?rest_route=\/wp\/v2\/types\/page"}],"author":[{"embeddable":true,"href":"http:\/\/izp.tapavicki.com\/index.php?rest_route=\/wp\/v2\/users\/1"}],"replies":[{"embeddable":true,"href":"http:\/\/izp.tapavicki.com\/index.php?rest_route=%2Fwp%2Fv2%2Fcomments&post=339"}],"version-history":[{"count":6,"href":"http:\/\/izp.tapavicki.com\/index.php?rest_route=\/wp\/v2\/pages\/339\/revisions"}],"predecessor-version":[{"id":411,"href":"http:\/\/izp.tapavicki.com\/index.php?rest_route=\/wp\/v2\/pages\/339\/revisions\/411"}],"up":[{"embeddable":true,"href":"http:\/\/izp.tapavicki.com\/index.php?rest_route=\/wp\/v2\/pages\/568"}],"wp:attachment":[{"href":"http:\/\/izp.tapavicki.com\/index.php?rest_route=%2Fwp%2Fv2%2Fmedia&parent=339"}],"curies":[{"name":"wp","href":"https:\/\/api.w.org\/{rel}","templated":true}]}}