{"id":337,"date":"2014-10-14T09:41:33","date_gmt":"2014-10-14T09:41:33","guid":{"rendered":"http:\/\/izp.mojpr.com\/?page_id=337"},"modified":"2020-02-27T17:06:53","modified_gmt":"2020-02-27T17:06:53","slug":"bezbednost-i-zdravlje-na-radu","status":"publish","type":"page","link":"http:\/\/izp.tapavicki.com\/?page_id=337","title":{"rendered":"Bezbednost i zdravlje na radu"},"content":{"rendered":"<p>Za obavljanje poslova u oblasti bezbednosti i zdravlja na radu Institut za preventivu poseduje odgovaraju\u0107e licence resornog ministarstva, kao i akreditovane metode kontrolisanja sertifikovane od strane Akreditacionog tela Srbije u skladu sa SRP S ISO 17020.<\/p>\n<p>U okviru poslova iz domena bezbednosti i zdravlja na radu nudimo Vam mogu\u0107nost izrade<strong>procene rizika na radnom mestu i u radnoj okolini <\/strong>sa multidisciplinarnim timom stru\u010dnjaka uklju\u010duju\u0107i i specijalistu medicine rada.<\/p>\n<p>Oblast bezbednosti i zdravlja pokrivena je delatno\u0161\u0107u koja obuhvata <strong>preglede i ispitivanja primenjenih mera bezbednosti na opremi za rad<\/strong>. Mo\u017eemo Vam ponuditi usluge pregleda i ispitivanja svih vrsta elektro i gromobranskih instalacija, pregleda trafostanica, razvodnih postrojenja, pregleda instalacije u &#8220;Ex&#8221; izvedbi i dr. Merenje otpora uzemljiva\u010da, merenje specifi\u010dnog otpora tla, merenje otpora izolacije provodnika i kablova, ispitivanje ekvipotencijalizacije, provera efikasnosti za\u0161tite od indirektnog napona dodira, merenje napona dodira i koraka, merenje napona probijanja izolacije cevovoda i metalnih rezervoara, ispitivanje provodnosti podova, ispitivanje izolacionog ulja i merenje stati\u010dkog elektriciteta. Ispitivanje visokonaponskih za\u0161titnih sredstava, kao i izolacionih prostirki u trafostanicama i razvodnim postrojenjima, tako\u0111e su deo delatnosti na\u0161eg preduze\u0107a. Institut raspola\u017ee <strong>infracrvenom kamerom<\/strong>, koja se mo\u017ee koristiti u postupku pregleda elektri\u010dnih instalacija, procesne opreme i sli\u010dno, u svrhu pronala\u017eenja kriti\u010dnih &#8220;vru\u0107ih&#8221; ta\u010daka. Posedujemo i ure\u0111aj za pronala\u017eenje skrivenih metalnih struktura, ultrazvu\u010dni instrument za merenje debljine struktura, brojne ure\u0111aje za mehani\u010dka ispitivanja bez razaranja, ispitivanje tvrdo\u0107e i sl<\/p>\n<p>Na\u0161e preduze\u0107e vr\u0161i <strong>ispitivanje uslova radne okoline<\/strong>, tj. ispitivanje mikroklime, osvetljenosti, fizi\u010dkih \u0161tetnosti (buke, vibracija, \u0161tetnih zra\u010denja) i hemijskih \u0161tetnosti na radnom mestu i radnoj okolini.<\/p>\n<p>Institut za preventivu vr\u0161i <strong>teoretsko i prakti\u010dno osposobljavanje radnika za bezbedan i zdrav rad<\/strong>.<\/p>\n<p>Institut vr\u0161i stru\u010dno osposobljavanje za rukovanje sredstvima unutra\u0161njeg transporta, dizalicama, elektroenergetskim postrojenjima, kotlovskim postrojenjima, kompresorima, su\u0161arama, monta\u017eu i odr\u017eavanje &#8220;Ex&#8221; instalacija i ure\u0111aja, bezbedan rad na visini, kori\u0161\u0107enje opreme za li\u010dnu za\u0161titu na radu i druge obuke.<\/p>\n<p>Isti\u010demo da posedujemo <strong>najsavremeniju opremu <\/strong>za vr\u0161enje pregleda i ispitivanja kako u domenu opreme za rad, tako i u oblasti ispitivanja uslova radne okoline. Navodimo prednosti prenosivih sofisticiranih ure\u0111aja kakav je npr. mobilni gasni-hromatograf Voyager, koji nam omogu\u0107uje vr\u0161enje kvalitativnih i kvantitativnih analiza prisutnih hemijskih \u0161tetnosti na licu mesta, \u0161to je naro\u010dito zna\u010dajno pri eventualnim akcidentnim situacijama.<\/p>","protected":false},"excerpt":{"rendered":"<p>Za obavljanje poslova u oblasti bezbednosti i zdravlja na radu Institut za preventivu poseduje odgovaraju\u0107e licence resornog ministarstva, kao i akreditovane metode kontrolisanja sertifikovane od strane Akreditacionog tela Srbije u skladu sa SRP S ISO 17020.<br \/>\nU okviru poslova iz domena bezbednosti i zdravlja na radu nudimo Vam mogu\u0107nost izradeprocene rizika na radnom mestu i u radnoj okolini sa multidisciplinarnim timom stru\u010dnjaka uklju\u010duju\u0107i i specijalistu medicine rada.<br \/>\nOblast bezbednosti i zdravlja pokrivena je delatno\u0161\u0107u koja obuhvata preglede i ispitivanja primenjenih &#8230;<\/p>","protected":false},"author":1,"featured_media":0,"parent":568,"menu_order":0,"comment_status":"open","ping_status":"closed","template":"template_leftnav.php","meta":[],"featured_image_src":null,"featured_image_src_square":null,"_links":{"self":[{"href":"http:\/\/izp.tapavicki.com\/index.php?rest_route=\/wp\/v2\/pages\/337"}],"collection":[{"href":"http:\/\/izp.tapavicki.com\/index.php?rest_route=\/wp\/v2\/pages"}],"about":[{"href":"http:\/\/izp.tapavicki.com\/index.php?rest_route=\/wp\/v2\/types\/page"}],"author":[{"embeddable":true,"href":"http:\/\/izp.tapavicki.com\/index.php?rest_route=\/wp\/v2\/users\/1"}],"replies":[{"embeddable":true,"href":"http:\/\/izp.tapavicki.com\/index.php?rest_route=%2Fwp%2Fv2%2Fcomments&post=337"}],"version-history":[{"count":1,"href":"http:\/\/izp.tapavicki.com\/index.php?rest_route=\/wp\/v2\/pages\/337\/revisions"}],"predecessor-version":[{"id":338,"href":"http:\/\/izp.tapavicki.com\/index.php?rest_route=\/wp\/v2\/pages\/337\/revisions\/338"}],"up":[{"embeddable":true,"href":"http:\/\/izp.tapavicki.com\/index.php?rest_route=\/wp\/v2\/pages\/568"}],"wp:attachment":[{"href":"http:\/\/izp.tapavicki.com\/index.php?rest_route=%2Fwp%2Fv2%2Fmedia&parent=337"}],"curies":[{"name":"wp","href":"https:\/\/api.w.org\/{rel}","templated":true}]}}