{"id":329,"date":"2014-10-14T09:39:32","date_gmt":"2014-10-14T09:39:32","guid":{"rendered":"http:\/\/izp.mojpr.com\/?page_id=329"},"modified":"2020-02-27T15:57:36","modified_gmt":"2020-02-27T15:57:36","slug":"nova-vizija-zastite","status":"publish","type":"page","link":"http:\/\/izp.tapavicki.com\/?page_id=329","title":{"rendered":"Nova vizija za\u0161tite"},"content":{"rendered":"<p>Idu\u0107i u korak sa svetom i prate\u0107i savremena tehni\u010dka dostignu\u0107a, Institut za preventivu &#8211; Novi Sad Vam predstavlja novi koncept poslovanja nazvan &#8220;Nova vizija za\u0161tite&#8221;.<\/p>\n<p>Nabavka nove instrumentalne opreme poslednje generacije nam omogu\u0107uje da se na tr\u017ei\u0161tu Srbije pozicioniramo kao lideri, kada su u pitanju merenja emisije zaga\u0111uju\u0107ih materija u \u017eivotnu sredinu kao i ispitivanja u oblasti bezbednosti i zdravlja na radu i za\u0161tite od po\u017eara i eksplozije. Savremena oprema omogu\u0107uje da izvr\u0161imo kompletna ispitivanja na samom izvoru, bez posebnog uzorkovanja i vr\u0161enja naknadnih laboratorijskih postanaliza, \u010dime se dobija na pouzdanosti, preciznosti i brzini o\u010ditavanja rezultata. To bi morao da bude imperativ, jer kod svakog ispitivanja rezultati mogu biti izvan dozvoljenih vrednosti, pa bi ka\u0161njenje u otklanjanju opasnosti dovelo do ugro\u017eavanja bezbednosti, zdravlja i \u017eivota ljudi.Ljudski resursi su najve\u0107a vrednost na\u0161eg Instituta. Zahvaljuju\u0107i dobroj poslovnoj politici, ali pre svega krajnje korektnom odnosu koji vlada izme\u0111u rukovodstva i zaposlenih, uspeli smo da tokom prethodne dve decenije oformimo, i danas potpuno o\u010duvamo ekipu vrsnih stru\u010dnjaka. \u010cesto isti\u010demo da se na\u0161 Institut prepoznaje po ljudima &#8211; pravim profesionalcima, koji su u stanju da odgovore zahtevima i re\u0161e brojne specifi\u010dne probleme koji im se name\u0107u kao izazov. Potvrda toga je angazovanje na\u0161ih stru\u010dnih timova u najdelikatnijim situacijama.<\/p>\n<p>Kada imate najsavremeniju tehniku, vrsne stru\u010dnjake, studiozan i odgovoran pristup poslu, definisane ciljeve kroz politiku kvaliteta i \u017eelju da pomognete klijentu, ono \u0161to se dobija kao rezultat te sinergije mo\u017eemo formulisati sloganom \u201eNova vizija za\u0161tite\u201c.<\/p>\n<p>Institut za preventivu je danas nastavna baza Fakulteta tehni\u010dkih nauka u Novom Sadu, gde studenti smera za\u0161tite \u017eivotne sredine mogu sticati prakti\u010dna saznanja i iskustva. Kao rezultat na\u0161eg dugogodi\u0161njeg profesionalnog, krajnje korektnog i nadasve po\u0161tenog odnosa prema klijentu, saradniku, kolegama, zaposlenom, danas pred Vas stajemo \u010distog obraza i mirne savesti.<\/p>\n<p>Vama preostaje da se uverite u istinitost na\u0161ih tvrdnji.<\/p>\n<p><strong>Bi\u0107e nam zadovoljstvo da i Vi postanete korisnik na\u0161ih usluga. <\/strong><strong>Menad\u017ement Instituta za preventivu \u2013 Novi Sad<\/strong><\/p>","protected":false},"excerpt":{"rendered":"<p>Idu\u0107i u korak sa svetom i prate\u0107i savremena tehni\u010dka dostignu\u0107a, Institut za preventivu &#8211; Novi Sad Vam predstavlja novi koncept poslovanja nazvan &#8220;Nova vizija za\u0161tite&#8221;.<br \/>\nNabavka nove instrumentalne opreme poslednje generacije nam omogu\u0107uje da se na tr\u017ei\u0161tu Srbije pozicioniramo kao lideri, kada su u pitanju merenja emisije zaga\u0111uju\u0107ih materija u \u017eivotnu sredinu kao i ispitivanja u oblasti bezbednosti i zdravlja na radu i za\u0161tite od po\u017eara i eksplozije. Savremena oprema omogu\u0107uje da izvr\u0161imo kompletna ispitivanja na samom izvoru, bez posebnog &#8230;<\/p>","protected":false},"author":1,"featured_media":0,"parent":266,"menu_order":0,"comment_status":"open","ping_status":"closed","template":"template_leftnav.php","meta":[],"featured_image_src":null,"featured_image_src_square":null,"_links":{"self":[{"href":"http:\/\/izp.tapavicki.com\/index.php?rest_route=\/wp\/v2\/pages\/329"}],"collection":[{"href":"http:\/\/izp.tapavicki.com\/index.php?rest_route=\/wp\/v2\/pages"}],"about":[{"href":"http:\/\/izp.tapavicki.com\/index.php?rest_route=\/wp\/v2\/types\/page"}],"author":[{"embeddable":true,"href":"http:\/\/izp.tapavicki.com\/index.php?rest_route=\/wp\/v2\/users\/1"}],"replies":[{"embeddable":true,"href":"http:\/\/izp.tapavicki.com\/index.php?rest_route=%2Fwp%2Fv2%2Fcomments&post=329"}],"version-history":[{"count":1,"href":"http:\/\/izp.tapavicki.com\/index.php?rest_route=\/wp\/v2\/pages\/329\/revisions"}],"predecessor-version":[{"id":334,"href":"http:\/\/izp.tapavicki.com\/index.php?rest_route=\/wp\/v2\/pages\/329\/revisions\/334"}],"up":[{"embeddable":true,"href":"http:\/\/izp.tapavicki.com\/index.php?rest_route=\/wp\/v2\/pages\/266"}],"wp:attachment":[{"href":"http:\/\/izp.tapavicki.com\/index.php?rest_route=%2Fwp%2Fv2%2Fmedia&parent=329"}],"curies":[{"name":"wp","href":"https:\/\/api.w.org\/{rel}","templated":true}]}}