{"id":323,"date":"2014-10-14T09:30:28","date_gmt":"2014-10-14T09:30:28","guid":{"rendered":"http:\/\/izp.mojpr.com\/?page_id=323"},"modified":"2014-10-14T09:47:29","modified_gmt":"2014-10-14T09:47:29","slug":"zastita","status":"publish","type":"page","link":"http:\/\/izp.tapavicki.com\/?page_id=323","title":{"rendered":"Za\u0161tita"},"content":{"rendered":"<div class=\"one_third tt-column\">\n<div class=\"modern_img_frame modern_four_col_large tt_\"><div class=\"img-preload lightbox-img\"><a href=\"#\" class=\"attachment-fadeIn\" data-gal=\"prettyPhoto[]\" title=\"\"><span class=\"lightbox-zoom zoom-4\" style=\"position:absolute; display: none;\">&nbsp;<\/span><img src='http:\/\/izp.tapavicki.com\/wp-content\/themes\/karma\/framework\/extended\/timthumb\/timthumb.php?src=http:\/\/placehold.it\/190x111&amp;h=111&amp;w=190' alt='' class=\"attachment-fadeIn\" \/><\/a><\/div><\/div>\n<h4>Nova vizija za\u0161tite<\/h4>\n<p>Idu\u0107i u korak sa svetom i prate\u0107i savremena tehni\u010dka dostignu\u0107a, Institut za preventivu &#8211; Novi Sad Vam predstavlja novi koncept poslovanja nazvan &#8220;Nova vizija za\u0161tite&#8221;.<br \/>\n<p style=\"text-align:;\"><a class=\"ka_button tt_ small_button small_coolblue\" title=\"\" href=\"#\">Vi\u0161e&#8230;<\/a><\/p>\n<\/div>\n<div class=\"one_third tt-column\">\n<div class=\"modern_img_frame modern_four_col_large tt_\"><div class=\"img-preload lightbox-img\"><a href=\"#\" class=\"attachment-fadeIn\" data-gal=\"prettyPhoto[]\" title=\"\"><span class=\"lightbox-zoom zoom-4\" style=\"position:absolute; display: none;\">&nbsp;<\/span><img src='http:\/\/izp.tapavicki.com\/wp-content\/themes\/karma\/framework\/extended\/timthumb\/timthumb.php?src=http:\/\/placehold.it\/190x111&amp;h=111&amp;w=190' alt='' class=\"attachment-fadeIn\" \/><\/a><\/div><\/div>\n<h4>Bezbednost i zdravlje na radu<\/h4>\n<p>Za obavljanje poslova u oblasti bezbednosti i zdravlja na radu Institut za preventivu poseduje odgovaraju\u0107e licence resornog ministarstva, kao i akreditovane metode kontrolisanja sertifikovane od strane Akreditacionog tela Srbije u skladu sa SRP S ISO 17020.<br \/>\n<p style=\"text-align:;\"><a class=\"ka_button tt_ small_button small_coolblue\" title=\"\" href=\"#\">Vi\u0161e&#8230;<\/a><\/p>\n<\/div>\n<div class=\"one_third_last tt-column\">\n<div class=\"modern_img_frame modern_four_col_large tt_\"><div class=\"img-preload lightbox-img\"><a href=\"#\" class=\"attachment-fadeIn\" data-gal=\"prettyPhoto[]\" title=\"\"><span class=\"lightbox-zoom zoom-4\" style=\"position:absolute; display: none;\">&nbsp;<\/span><img src='http:\/\/izp.tapavicki.com\/wp-content\/themes\/karma\/framework\/extended\/timthumb\/timthumb.php?src=http:\/\/placehold.it\/190x111&amp;h=111&amp;w=190' alt='' class=\"attachment-fadeIn\" \/><\/a><\/div><\/div>\n<h4>Za\u0161tita \u017eivotne sredine<\/h4>\n<p>Jo\u0161 1993. godine Institut za preventivu je me\u0111u privima u zemlji zapo\u010deo rad u ovoj oblasti izradom prethodnih i detaljnih analiza uticaja objekata, odnosno radova na \u017eivotnu sredinu.<br \/>\n<p style=\"text-align:;\"><a class=\"ka_button tt_ small_button small_coolblue\" title=\"\" href=\"#\">Vi\u0161e&#8230;<\/a><\/p>\n<\/div><br class=\"clear\" \/>\n<div class=\"hr_gap\" style=\"height:25px;\"><\/div>\n<div class=\"one_half tt-column\">\n<div class=\"modern_img_frame modern_three_col_large tt_\"><div class=\"img-preload lightbox-img\"><a href=\"#\" class=\"attachment-fadeIn\" title=\"\" target=\"\"><span class=\"lightbox-zoom zoom-3 zoom-link\" style=\"position:absolute; display: none;\">&nbsp;<\/span><img src='http:\/\/izp.tapavicki.com\/wp-content\/themes\/karma\/framework\/extended\/timthumb\/timthumb.php?src=http:\/\/placehold.it\/275x145&amp;h=145&amp;w=275' alt='' class=\"attachment-fadeIn\" \/><\/a><\/div><\/div>\n<h4>Za\u0161tita od po\u017eara i eksplozije<\/h4>\n<p>Od samog osnivanja Institut se bavi poslovima iz oblasti za\u0161tite od po\u017eara i eksplozije. Naro\u010dito smo ponosni na oblast protiveksplozivne za\u0161tite, gde se smatramo liderima.<br \/>\n<p style=\"text-align:;\"><a class=\"ka_button tt_ small_button small_coolblue\" title=\"\" href=\"#\">Vi\u0161e&#8230;<\/a><\/p>\n<\/div>\n<div class=\"one_half_last tt-column\">\n<div class=\"modern_img_frame modern_three_col_large tt_\"><div class=\"img-preload lightbox-img\"><a href=\"#\" class=\"attachment-fadeIn\" title=\"\" target=\"\"><span class=\"lightbox-zoom zoom-3 zoom-link\" style=\"position:absolute; display: none;\">&nbsp;<\/span><img src='http:\/\/izp.tapavicki.com\/wp-content\/themes\/karma\/framework\/extended\/timthumb\/timthumb.php?src=http:\/\/placehold.it\/275x145&amp;h=145&amp;w=275' alt='' class=\"attachment-fadeIn\" \/><\/a><\/div><\/div>\n<h4>Katodna za\u0161tita<\/h4>\n<p>Delatnost Instituta u ovoj oblasti je projektovanje, izvo\u0111enje i odr\u017eavanje sistema katodne za\u0161tite, kao i pru\u017eanje konsultantskih usluga u vezi korozije, procene stanja i mogu\u0107nosti korozije na metalnim konstrukcijama u zemlji i u vodi.<br \/>\n<p style=\"text-align:;\"><a class=\"ka_button tt_ small_button small_coolblue\" title=\"\" href=\"#\">Vi\u0161e&#8230;<\/a><\/p>\n<\/div><br class=\"clear\" \/>\n<p>&nbsp;<\/p>","protected":false},"excerpt":{"rendered":"<p>&nbsp;<\/p>","protected":false},"author":1,"featured_media":0,"parent":0,"menu_order":0,"comment_status":"open","ping_status":"open","template":"template_leftnav.php","meta":[],"featured_image_src":null,"featured_image_src_square":null,"_links":{"self":[{"href":"http:\/\/izp.tapavicki.com\/index.php?rest_route=\/wp\/v2\/pages\/323"}],"collection":[{"href":"http:\/\/izp.tapavicki.com\/index.php?rest_route=\/wp\/v2\/pages"}],"about":[{"href":"http:\/\/izp.tapavicki.com\/index.php?rest_route=\/wp\/v2\/types\/page"}],"author":[{"embeddable":true,"href":"http:\/\/izp.tapavicki.com\/index.php?rest_route=\/wp\/v2\/users\/1"}],"replies":[{"embeddable":true,"href":"http:\/\/izp.tapavicki.com\/index.php?rest_route=%2Fwp%2Fv2%2Fcomments&post=323"}],"version-history":[{"count":5,"href":"http:\/\/izp.tapavicki.com\/index.php?rest_route=\/wp\/v2\/pages\/323\/revisions"}],"predecessor-version":[{"id":328,"href":"http:\/\/izp.tapavicki.com\/index.php?rest_route=\/wp\/v2\/pages\/323\/revisions\/328"}],"wp:attachment":[{"href":"http:\/\/izp.tapavicki.com\/index.php?rest_route=%2Fwp%2Fv2%2Fmedia&parent=323"}],"curies":[{"name":"wp","href":"https:\/\/api.w.org\/{rel}","templated":true}]}}