{"id":318,"date":"2014-10-14T09:18:20","date_gmt":"2014-10-14T09:18:20","guid":{"rendered":"http:\/\/izp.mojpr.com\/?page_id=318"},"modified":"2020-02-26T07:30:55","modified_gmt":"2020-02-26T07:30:55","slug":"izrada-projektno-tehnicke-dokumentacije","status":"publish","type":"page","link":"http:\/\/izp.tapavicki.com\/?page_id=318","title":{"rendered":"Izrada projektno-tehni\u010dke dokumentacije"},"content":{"rendered":"<p>Institut vr\u0161i izradu projektno-tehni\u010dke dokumentacije iz oblasti arhitekture, gra\u0111evinarstva, elektrotehnike, ma\u0161instva i tehnologije, kao i tehni\u010dku kontrolu dokumentacije izra\u0111ene od strane drugih projektnih organizacija.<\/p>\n<p>Svi projektanti zaposleni u Institutu poseduju licencu za projektovanje, izdatu od strane In\u017eenjerske komore Srbije. Posebno navodimo veliko iskustvo u projektovanju i izgradnji sistema katodne za\u0161tite.<\/p>","protected":false},"excerpt":{"rendered":"<p>Institut vr\u0161i izradu projektno-tehni\u010dke dokumentacije iz oblasti arhitekture, gra\u0111evinarstva, elektrotehnike, ma\u0161instva i tehnologije, kao i tehni\u010dku kontrolu dokumentacije izra\u0111ene od strane drugih projektnih organizacija.<br \/>\nSvi projektanti zaposleni u Institutu poseduju licencu za projektovanje, izdatu od strane In\u017eenjerske komore Srbije. Posebno navodimo veliko iskustvo u projektovanju i izgradnji sistema katodne za\u0161tite.<\/p>","protected":false},"author":1,"featured_media":0,"parent":323,"menu_order":0,"comment_status":"open","ping_status":"closed","template":"template_leftnav.php","meta":[],"featured_image_src":null,"featured_image_src_square":null,"_links":{"self":[{"href":"http:\/\/izp.tapavicki.com\/index.php?rest_route=\/wp\/v2\/pages\/318"}],"collection":[{"href":"http:\/\/izp.tapavicki.com\/index.php?rest_route=\/wp\/v2\/pages"}],"about":[{"href":"http:\/\/izp.tapavicki.com\/index.php?rest_route=\/wp\/v2\/types\/page"}],"author":[{"embeddable":true,"href":"http:\/\/izp.tapavicki.com\/index.php?rest_route=\/wp\/v2\/users\/1"}],"replies":[{"embeddable":true,"href":"http:\/\/izp.tapavicki.com\/index.php?rest_route=%2Fwp%2Fv2%2Fcomments&post=318"}],"version-history":[{"count":2,"href":"http:\/\/izp.tapavicki.com\/index.php?rest_route=\/wp\/v2\/pages\/318\/revisions"}],"predecessor-version":[{"id":382,"href":"http:\/\/izp.tapavicki.com\/index.php?rest_route=\/wp\/v2\/pages\/318\/revisions\/382"}],"up":[{"embeddable":true,"href":"http:\/\/izp.tapavicki.com\/index.php?rest_route=\/wp\/v2\/pages\/323"}],"wp:attachment":[{"href":"http:\/\/izp.tapavicki.com\/index.php?rest_route=%2Fwp%2Fv2%2Fmedia&parent=318"}],"curies":[{"name":"wp","href":"https:\/\/api.w.org\/{rel}","templated":true}]}}