{"id":310,"date":"2014-10-14T09:09:56","date_gmt":"2014-10-14T09:09:56","guid":{"rendered":"http:\/\/izp.mojpr.com\/?page_id=310"},"modified":"2020-02-27T17:17:14","modified_gmt":"2020-02-27T17:17:14","slug":"obuke-adr","status":"publish","type":"page","link":"http:\/\/izp.tapavicki.com\/?page_id=310","title":{"rendered":"Obuke (ADR)"},"content":{"rendered":"<h2><strong>PRIRU\u010cNIK ZA TRANSPORT OPASNOG TERETA, IV IZDANJE<\/strong><\/h2>\n<p>Primerak priru\u010dnika za transport opasnog tereta dobijaju svi kandidati koji poha\u0111aju kurs. Priru\u010dnik za transport opasnog tereta koji izdaje INSTITUT ZA PREVENTIVU je do sada \u0161tampan u 2.000 primeraka u IV izdanja koje se stalno menjaju i pro\u0161iruju, u skladu sa promenama koje se de\u0161avaju u zakonodavstvu i praksi.<\/p>\n<p>Priru\u010dnik svojim obimom informacija koje sadr\u017ei sve vi\u0161e postaje referenca za sve u\u010desnike u lancu transporta opasnog tereta, ne samo za voza\u010de i manipulante kojima je u po\u010detku bio namenjen.<\/p>\n<h2 class=\"heading-horizontal\" style=\"margin:20px 0 10px 0;\"><span>Naru\u010divanje<\/span><\/h2>\n<div class=\"one_third tt-column\">\n<p>Priru\u010dnik mo\u017eete naru\u010diti preko ra\u010dunovodstva INSTITUTA ZA PREVENTIVU, popunjavanjem narud\u017ebenice koju mo\u017eete preuzeti ovde. Informaciju o ceni priru\u010dnika mo\u017eete dobiti na telefon 021-420-571.\u00a0<span style=\"line-height: 1.6em;\">Kontakt: Jasmina Dragojevi\u0107 ili Laslo Poljak.\u00a0<\/span><\/p>\n<p>Priru\u010dnik tako\u0111e \u0161aljemo pouze\u0107em na po\u0161tansku adresu naru\u010dioca.<\/p>\n<\/div>\n<div class=\"two_thirds_last tt-column\">\n<div role='form' id='contact-form-310'>\n<form action='#tt-contact-notify' method='post' class='contact-form commentsblock'>\n \n<div>\n\t\t<label for='310-name' class='name'>Name<span>(required)<\/span><\/label>\n\t\t<input type='text' name='310-name' id='310-name' value='' class='name'\/>\n\t<\/div>\n \n<div>\n\t\t<label for='310-email' class='grunion-field-label email'>Email<span>(required)<\/span><\/label>\n\t\t<input type='text' name='310-email' id='310-email' value='' class='email'\/>\n\t<\/div>\n \n<div>\n\t\t<label for='310-telefon' class='text'>Telefon<span>(required)<\/span><\/label>\n\t\t<input type='text' name='310-telefon' id='310-telefon' value='' class='text'\/>\n\t<\/div>\n \n<div>\n\t\t<label for='310-naziv-preduzeca' class='text'>Naziv preduzeca<\/label>\n\t\t<input type='text' name='310-naziv-preduzeca' id='310-naziv-preduzeca' value='' class='text'\/>\n\t<\/div>\n \n<div>\n\t\t<label for='310-mesto' class='text'>Mesto<\/label>\n\t\t<input type='text' name='310-mesto' id='310-mesto' value='' class='text'\/>\n\t<\/div>\n \n<div>\n\t\t<label for='310-ulica-i-broj' class='text'>Ulica i broj<\/label>\n\t\t<input type='text' name='310-ulica-i-broj' id='310-ulica-i-broj' value='' class='text'\/>\n\t<\/div>\n \n<div>\n\t\t<label for='310-komentar' class='textarea'>Komentar<\/label>\n\t\t<textarea name='310-komentar' id='contact-form-comment-310-komentar' rows='20'><\/textarea>\n\t<\/div>\n \t<p class='contact-submit'>\n\t\t<input type='submit' value='SUBMIT' class='ka-form-submit'\/>\n\t\t<input type=\"hidden\" id=\"_wpnonce\" name=\"_wpnonce\" value=\"766c00c4ec\" \/><input type=\"hidden\" name=\"_wp_http_referer\" value=\"\/index.php?rest_route=%2Fwp%2Fv2%2Fpages%2F310\" \/>\n\t\t<input type='hidden' name='contact-form-id' value='310' \/>\n\t<\/p>\n<\/form>\n<\/div>\n<\/div><br class=\"clear\" \/>","protected":false},"excerpt":{"rendered":"<p>PRIRU\u010cNIK ZA TRANSPORT OPASNOG TERETA, IV IZDANJE<br \/>\nPrimerak priru\u010dnika za transport opasnog tereta dobijaju svi kandidati koji poha\u0111aju kurs. Priru\u010dnik za transport opasnog tereta koji izdaje INSTITUT ZA PREVENTIVU je do sada \u0161tampan u 2.000 primeraka u IV izdanja koje se stalno menjaju i pro\u0161iruju, u skladu sa promenama koje se de\u0161avaju u zakonodavstvu i praksi.<br \/>\nPriru\u010dnik svojim obimom informacija koje sadr\u017ei sve vi\u0161e postaje referenca za sve u\u010desnike u lancu transporta opasnog tereta, ne samo za voza\u010de i manipulante &#8230;<\/p>","protected":false},"author":1,"featured_media":0,"parent":568,"menu_order":0,"comment_status":"open","ping_status":"closed","template":"template_leftnav.php","meta":[],"featured_image_src":null,"featured_image_src_square":null,"_links":{"self":[{"href":"http:\/\/izp.tapavicki.com\/index.php?rest_route=\/wp\/v2\/pages\/310"}],"collection":[{"href":"http:\/\/izp.tapavicki.com\/index.php?rest_route=\/wp\/v2\/pages"}],"about":[{"href":"http:\/\/izp.tapavicki.com\/index.php?rest_route=\/wp\/v2\/types\/page"}],"author":[{"embeddable":true,"href":"http:\/\/izp.tapavicki.com\/index.php?rest_route=\/wp\/v2\/users\/1"}],"replies":[{"embeddable":true,"href":"http:\/\/izp.tapavicki.com\/index.php?rest_route=%2Fwp%2Fv2%2Fcomments&post=310"}],"version-history":[{"count":4,"href":"http:\/\/izp.tapavicki.com\/index.php?rest_route=\/wp\/v2\/pages\/310\/revisions"}],"predecessor-version":[{"id":573,"href":"http:\/\/izp.tapavicki.com\/index.php?rest_route=\/wp\/v2\/pages\/310\/revisions\/573"}],"up":[{"embeddable":true,"href":"http:\/\/izp.tapavicki.com\/index.php?rest_route=\/wp\/v2\/pages\/568"}],"wp:attachment":[{"href":"http:\/\/izp.tapavicki.com\/index.php?rest_route=%2Fwp%2Fv2%2Fmedia&parent=310"}],"curies":[{"name":"wp","href":"https:\/\/api.w.org\/{rel}","templated":true}]}}