{"id":290,"date":"2014-10-11T09:26:09","date_gmt":"2014-10-11T09:26:09","guid":{"rendered":"http:\/\/izp.mojpr.com\/?page_id=290"},"modified":"2020-02-20T14:48:38","modified_gmt":"2020-02-20T14:48:38","slug":"sertifikaciono-telo","status":"publish","type":"page","link":"http:\/\/izp.tapavicki.com\/?page_id=290","title":{"rendered":"Sertifikaciono telo"},"content":{"rendered":"<p><img decoding=\"async\" loading=\"lazy\" class=\"margin: 0 0 0 5px; alignright wp-image-413 size-full\" src=\"http:\/\/izp.mojpr.com\/wp-content\/uploads\/akr-sert-telo.jpg\" alt=\"akreditovano sertifikaciono telo\" width=\"250\" height=\"319\" srcset=\"http:\/\/izp.tapavicki.com\/wp-content\/uploads\/akr-sert-telo.jpg 250w, http:\/\/izp.tapavicki.com\/wp-content\/uploads\/akr-sert-telo-235x300.jpg 235w\" sizes=\"(max-width: 250px) 100vw, 250px\" \/>Sertifikaciono telo Instituta za preventivu vr\u0161i ocenu usagla\u0161enosti proizvoda sa referentnim propisima po\u0161tuju\u0107i zahteve za tela koja sprovode sisteme sertifikacije proizvoda odnosno SRP S EN 45011 (ISO\/IEC Upustvo 65), \u0161to je i potvr\u0111eno Sertifikatom o akreditacji broj 04-010 Akreditacionog tela Srbije.<\/p>\n<h2>Obim akreditacije:<\/h2>\n<p>Protiveksplozivno za\u0161ti\u0107eni ure\u0111aji namenjeni za upotrebu u prostorima ugro\u017eenim od eksplozivne atmosfere mogu biti izvedeni u slede\u0107im sistemima za\u0161tite:<\/p>\n<ul>\n<li>Nepropaljivo ku\u0107i\u0161te \u201cExd\u201d<\/li>\n<li>Pove\u0107ana bezbednost \u201cExe\u201d<\/li>\n<li>Svojstvena bezbednost \u201cExi\u201d<\/li>\n<li>Punjenje \u010dvrstim materijalima\u201cExm\u201d<\/li>\n<li>Nadpritisak \u201cExp\u201d<\/li>\n<li>Vrstom za\u0161tite \u201cn\u201d \u201cExn\u201d<\/li>\n<li>Naro\u010dita vrsta za\u0161tite \u201cExs\u201d<\/li>\n<\/ul>\n<p>Reorganizacijom delatnosti Instituta za standardizaciju Srbije do\u0161lo je do preno\u0161enja nadle\u017enosti za ovla\u0161\u0107ivanje radionica za popravku i remont ure\u0111aja namenjenih za rad u potencijalno eksplozivnoj atmosferi, sa Instituta za standardizaciju na akreditovana srpska sertifikaciona tela, tako da poslove ovla\u0161\u0107ivanja Ex radionica od 19.03.2009. godine vr\u0161i i na\u0161 Institut.<\/p>\n<p style=\"text-align:;\"><a class=\"ka_button tt_ small_button small_coolblue\" target=\"_new\" title=\"\" href=\"http:\/\/www.registar.ats.rs\/predmet\/482\/\">Re\u0161enje o obimu akreditacije<\/a><\/p>\n<h3 class=\"heading-horizontal\" style=\"margin:20px 0 20px 0;\"><span>PRILOZI<\/span><\/h3>\n\n<p>&nbsp;<\/p>","protected":false},"excerpt":{"rendered":"<p>Sertifikaciono telo Instituta za preventivu vr\u0161i ocenu usagla\u0161enosti proizvoda sa referentnim propisima po\u0161tuju\u0107i zahteve za tela koja sprovode sisteme sertifikacije proizvoda odnosno SRP S EN 45011 (ISO\/IEC Upustvo 65), \u0161to je i potvr\u0111eno Sertifikatom o akreditacji broj 04-010 Akreditacionog tela Srbije.<br \/>\nProtiveksplozivno za\u0161ti\u0107eni ure\u0111aji namenjeni za upotrebu u prostorima ugro\u017eenim od eksplozivne atmosfere mogu biti izvedeni u slede\u0107im sistemima za\u0161tite:<\/p>\n<p>Nepropaljivo ku\u0107i\u0161te \u201cExd\u201d<br \/>\nPove\u0107ana bezbednost \u201cExe\u201d<br \/>\nSvojstvena bezbednost \u201cExi\u201d<br \/>\nPunjenje \u010dvrstim materijalima\u201cExm\u201d<br \/>\nNadpritisak \u201cExp\u201d<br \/>\nVrstom za\u0161tite \u201cn\u201d \u201cExn\u201d<br \/>\nNaro\u010dita &#8230;<\/p>","protected":false},"author":1,"featured_media":0,"parent":295,"menu_order":0,"comment_status":"open","ping_status":"closed","template":"template_leftnav.php","meta":[],"featured_image_src":null,"featured_image_src_square":null,"_links":{"self":[{"href":"http:\/\/izp.tapavicki.com\/index.php?rest_route=\/wp\/v2\/pages\/290"}],"collection":[{"href":"http:\/\/izp.tapavicki.com\/index.php?rest_route=\/wp\/v2\/pages"}],"about":[{"href":"http:\/\/izp.tapavicki.com\/index.php?rest_route=\/wp\/v2\/types\/page"}],"author":[{"embeddable":true,"href":"http:\/\/izp.tapavicki.com\/index.php?rest_route=\/wp\/v2\/users\/1"}],"replies":[{"embeddable":true,"href":"http:\/\/izp.tapavicki.com\/index.php?rest_route=%2Fwp%2Fv2%2Fcomments&post=290"}],"version-history":[{"count":4,"href":"http:\/\/izp.tapavicki.com\/index.php?rest_route=\/wp\/v2\/pages\/290\/revisions"}],"predecessor-version":[{"id":529,"href":"http:\/\/izp.tapavicki.com\/index.php?rest_route=\/wp\/v2\/pages\/290\/revisions\/529"}],"up":[{"embeddable":true,"href":"http:\/\/izp.tapavicki.com\/index.php?rest_route=\/wp\/v2\/pages\/295"}],"wp:attachment":[{"href":"http:\/\/izp.tapavicki.com\/index.php?rest_route=%2Fwp%2Fv2%2Fmedia&parent=290"}],"curies":[{"name":"wp","href":"https:\/\/api.w.org\/{rel}","templated":true}]}}