{"id":277,"date":"2014-10-11T08:37:16","date_gmt":"2014-10-11T08:37:16","guid":{"rendered":"http:\/\/izp.mojpr.com\/?page_id=277"},"modified":"2020-02-20T14:49:03","modified_gmt":"2020-02-20T14:49:03","slug":"kontrolno-telo","status":"publish","type":"page","link":"http:\/\/izp.tapavicki.com\/?page_id=277","title":{"rendered":"Kontrolno telo"},"content":{"rendered":"<p style=\"text-align: justify;\">Kontrolno telo poseduje Sertifikat o akreditaciji broj 06-013, izdat od strane Akreditacionog tela Srbije, na osnovu SRP S ISO\/IEC 17020: 2002.<\/p>\n<p><img decoding=\"async\" loading=\"lazy\" class=\"margin: 0 0 0 5px; alignright wp-image-410 size-full\" title=\"Akreditovano kontrolno telo\" src=\"http:\/\/izp.mojpr.com\/wp-content\/uploads\/akr-kontrolno-telo.jpg\" alt=\"Akreditovano kontrolno telo\" width=\"250\" height=\"326\" srcset=\"http:\/\/izp.tapavicki.com\/wp-content\/uploads\/akr-kontrolno-telo.jpg 250w, http:\/\/izp.tapavicki.com\/wp-content\/uploads\/akr-kontrolno-telo-230x300.jpg 230w\" sizes=\"(max-width: 250px) 100vw, 250px\" \/>Poslovanje Kontrolnog tela sastoji se u pru\u017eanju usluga kontrolisanja u oblastima:<\/p>\n<ol>\n<li style=\"text-align: justify;\">Postrojenja pod pritiskom: kotlovska postrojenja; gasne instalacije, naftovodi i produktovodi; postrojenja i instalacije ugro\u017eene eksplozivnim, otrovnim i zapaljivim sme\u0161ama pare, gasova i pra\u0161ine &#8211; odre\u0111ivanje usagla\u0161enosti sa referentnim propisima i standardima.<\/li>\n<li style=\"text-align: justify;\">Oprema, postrojenja i konstrukcija u eksploataciji &#8211; odre\u0111ivanje usagla\u0161enosti sa referentnim propisima i standardima.<\/li>\n<li style=\"text-align: justify;\">Ure\u0111aji i instalacije u protiveksplozivnoj za\u0161titi &#8211; odre\u0111ivanje usagla\u0161enosti sa referentnim propisima i standardima.<\/li>\n<li style=\"text-align: justify;\">Bezbednost \u2013 odre\u0111ivanje usagla\u0161enosti sa referentnim propisima i standardima za proizvode, proizvodne procese iz oblasti za\u0161tite od po\u017eara i za\u0161tite na radu.<\/li>\n<li style=\"text-align: justify;\">Za\u0161tita \u017eivotne i radne sredine &#8211; odre\u0111ivanje usagla\u0161enosti sa referentnim propisima i standardima.<\/li>\n<\/ol>\n<p style=\"text-align:;\"><a class=\"ka_button tt_ small_button small_coolblue\" target=\"_new\" title=\"\" href=\"http:\/\/www.registar.ats.rs\/predmet\/529\/\">Re\u0161enje o obimu akreditacije<\/a><\/p>","protected":false},"excerpt":{"rendered":"<p>Kontrolno telo poseduje Sertifikat o akreditaciji broj 06-013, izdat od strane Akreditacionog tela Srbije, na osnovu SRP S ISO\/IEC 17020: 2002.<br \/>\nPoslovanje Kontrolnog tela sastoji se u pru\u017eanju usluga kontrolisanja u oblastima:<\/p>\n<p>Postrojenja pod pritiskom: kotlovska postrojenja; gasne instalacije, naftovodi i produktovodi; postrojenja i instalacije ugro\u017eene eksplozivnim, otrovnim i zapaljivim sme\u0161ama pare, gasova i pra\u0161ine &#8211; odre\u0111ivanje usagla\u0161enosti sa referentnim propisima i standardima.<br \/>\nOprema, postrojenja i konstrukcija u eksploataciji &#8211; odre\u0111ivanje usagla\u0161enosti sa referentnim propisima i standardima.<br \/>\nUre\u0111aji i &#8230;<\/p>","protected":false},"author":1,"featured_media":0,"parent":295,"menu_order":0,"comment_status":"open","ping_status":"closed","template":"template_leftnav.php","meta":[],"featured_image_src":null,"featured_image_src_square":null,"_links":{"self":[{"href":"http:\/\/izp.tapavicki.com\/index.php?rest_route=\/wp\/v2\/pages\/277"}],"collection":[{"href":"http:\/\/izp.tapavicki.com\/index.php?rest_route=\/wp\/v2\/pages"}],"about":[{"href":"http:\/\/izp.tapavicki.com\/index.php?rest_route=\/wp\/v2\/types\/page"}],"author":[{"embeddable":true,"href":"http:\/\/izp.tapavicki.com\/index.php?rest_route=\/wp\/v2\/users\/1"}],"replies":[{"embeddable":true,"href":"http:\/\/izp.tapavicki.com\/index.php?rest_route=%2Fwp%2Fv2%2Fcomments&post=277"}],"version-history":[{"count":10,"href":"http:\/\/izp.tapavicki.com\/index.php?rest_route=\/wp\/v2\/pages\/277\/revisions"}],"predecessor-version":[{"id":530,"href":"http:\/\/izp.tapavicki.com\/index.php?rest_route=\/wp\/v2\/pages\/277\/revisions\/530"}],"up":[{"embeddable":true,"href":"http:\/\/izp.tapavicki.com\/index.php?rest_route=\/wp\/v2\/pages\/295"}],"wp:attachment":[{"href":"http:\/\/izp.tapavicki.com\/index.php?rest_route=%2Fwp%2Fv2%2Fmedia&parent=277"}],"curies":[{"name":"wp","href":"https:\/\/api.w.org\/{rel}","templated":true}]}}