{"id":27,"date":"2014-10-08T15:21:20","date_gmt":"2014-10-08T15:21:20","guid":{"rendered":"http:\/\/izp.mojpr.com\/?page_id=27"},"modified":"2014-10-08T15:21:20","modified_gmt":"2014-10-08T15:21:20","slug":"left-sidebar","status":"publish","type":"page","link":"http:\/\/izp.tapavicki.com\/?page_id=27","title":{"rendered":"Left Sidebar"},"content":{"rendered":"<h6 class=\"heading-horizontal\" style=\"margin:20px 0 20px 0;\"><span>from the blog:<\/span><\/h6>\n<div class=\"blog-posts-shortcode-outer-wrap tt_\">\r\n\t\t<div class=\"one_third tt-column\">\r\n\t\t\t<div class=\"modern_img_frame modern_three_col_small\">\r\n\t\t\t\t<div class=\"img-preload lightbox-img\">\r\n\t\t\t\t\t<a href=\"http:\/\/izp.tapavicki.com\/?p=471\" class=\"attachment-fadeIn\">\r\n\t\t\t\t\t\t<div class=\"lightbox-zoom zoom-3-small zoom-link\" style=\"position:absolute; display: none;\">&nbsp;<\/div><img src=\"http:\/\/izp.tapavicki.com\/wp-content\/themes\/karma\/framework\/extended\/timthumb\/timthumb.php?src=http:\/\/www.atex.ba\/extern\/news\/atex2014.jpg&amp;h=113&amp;w=202\" alt=\"ZAKLJU\u010cCI 7. Me\u0111unarodne \u201cEx\u201d Tribine PDF\" \/><\/a><\/div><\/div><h4>ZAKLJU\u010cCI 7. Me\u0111unarodne \u201cEx\u201d Tribine PDF<\/h4><p>Na osnovu izlo\u017eenih radova, komentara, diskusija i okruglih stolova na sedmoj me\u0111unarodnoj \u201cEx\u201d Tribini odr\u017e...<\/p><a href=\"http:\/\/izp.tapavicki.com\/?p=471\">Read More<\/a><\/div>\r\n\t\t<div class=\"one_third tt-column\">\r\n\t\t\t<div class=\"modern_img_frame modern_three_col_small\">\r\n\t\t\t\t<div class=\"img-preload lightbox-img\">\r\n\t\t\t\t\t<a href=\"http:\/\/izp.tapavicki.com\/?p=456\" class=\"attachment-fadeIn\">\r\n\t\t\t\t\t\t<div class=\"lightbox-zoom zoom-3-small zoom-link\" style=\"position:absolute; display: none;\">&nbsp;<\/div><span class=\"tt-blog-placeholder tt-blog-three_col_small\">&nbsp;<\/span><\/a><\/div><\/div><h4>Ispitivanje relavantnih osobina eksplozivnih pra\u0161ina<\/h4><p>O eksplozivnosti pra\u0161ina bilo je ve\u0107 govora u mnogim literaturnim podacima, pa i u na\u0161em radu\u00a0(L1). Mada su mog...<\/p><a href=\"http:\/\/izp.tapavicki.com\/?p=456\">Read More<\/a><\/div>\r\n\t\t<div class=\"one_third_last tt-column\">\r\n\t\t\t<div class=\"modern_img_frame modern_three_col_small\">\r\n\t\t\t\t<div class=\"img-preload lightbox-img\">\r\n\t\t\t\t\t<a href=\"http:\/\/izp.tapavicki.com\/?p=313\" class=\"attachment-fadeIn\">\r\n\t\t\t\t\t\t<div class=\"lightbox-zoom zoom-3-small zoom-link\" style=\"position:absolute; display: none;\">&nbsp;<\/div><img src=\"http:\/\/izp.tapavicki.com\/wp-content\/uploads\/2014\/10\/adr-202x113.jpg\" alt=\"Obuka za voza\u010de i rukovaoce opasnim teretom\" \/><\/a><\/div><\/div><h4>Obuka za voza\u010de i rukovaoce opasnim teretom<\/h4><p>INSTITUT prima prijave za ADR\/RID obuku za voza\u010de i rukovaoce opasnim teretom koja je planirana da se odr\u017ei od 09...<\/p><a href=\"http:\/\/izp.tapavicki.com\/?p=313\">Read More<\/a><\/div><\/div><br class=\"clear\" \/>\n<div class=\"hr_gap\" style=\"height:20px;\"><\/div>\n<div class='hr '>&nbsp;<\/div>\n<div class=\"true-testimonial-wrapper tt_ \"><div class=\"testimonials flexslider\"><ul class=\"slides\">\n<li><blockquote><p>I have downloaded 8 themes from themeforest. This has been the easiest to customize out of them all. I\u2019ve never turned a website around so fast! I\u2019ll be looking for more themes from TrueThemes in the future. Thanks!<cite>&ndash;TrueThemes Customer<\/cite><\/p><\/blockquote><\/li>\n<li><blockquote><p>I have purchased the Karma Theme and can completely recommend it. The training videos are wonderful, very clear and concise with detailed instructions and demonstration. The Technical Support has also been wonderful, the response time on a issue I had was phenomenal, plus the solution to my issue was provided in a very clear manner. I will be using Karma on my next project as well.<cite>&ndash;Janet<\/cite><\/p><\/blockquote><\/li>\n<li><blockquote><p>We are so AMAZED by the exceptional skills and professionalism that TrueThemes has showed our law firm. Their excellent support, fast ticket response and vision into design is top notch! We love this Karma theme and we\u2019re so happy with the incredible assistance we\u2019ve received from TrueThemes! Keep up the great work guys!! And Thank you!<cite>&ndash;TrueThemes Customer<\/cite><\/p><\/blockquote><\/li>\n<\/ul><\/div><\/div><!-- END testimonials -->\n<div class=\"hr_gap\" style=\"height:20px;\"><\/div>\n<div class='hr '>&nbsp;<\/div>\n<div class=\"one_third tt-column\">\n<div class=\"true-icon-box tt_  ouMnhOyh\"><span class=\"fa-stack fa-4x\"><i class=\"fa fa-circle fa-stack-2x\"><\/i><i class=\"fa fa-twitter fa-stack-1x fa-inverse\"><\/i><\/span>\n<h3>Twitter<\/h3>\n<\/div>\n<\/div>\n<div class=\"one_third tt-column\">\n<div class=\"true-icon-box tt_  jQDNOFeo\"><span class=\"fa-stack fa-4x\"><i class=\"fa fa-circle fa-stack-2x\"><\/i><i class=\"fa fa-facebook fa-stack-1x fa-inverse\"><\/i><\/span>\n<h3>Facebook<\/h3>\n<\/div>\n<\/div>\n<div class=\"one_third_last tt-column\">\n<div class=\"true-icon-box tt_  OsWghjyo\"><span class=\"fa-stack fa-4x\"><i class=\"fa fa-circle fa-stack-2x\"><\/i><i class=\"fa fa-pinterest fa-stack-1x fa-inverse\"><\/i><\/span>\n<h3>Pinterest<\/h3>\n<\/div>\n<\/div><br class=\"clear\" \/>","protected":false},"excerpt":{"rendered":"<p>INSTITUT prima prijave za ADR\/RID obuku za voza\u010de i rukovaoce opasnim teretom koja je planirana da se odr\u017ei od 09. do 13 juna 2014. godine u ZRENJANINU, u sali za sastanke NIS SERVISNI CENTAR ZRENJANIN, Lazareva\u010dki put bb. Kandidati koji \u017eele poha\u0111ati obuku moraju poslati li\u010dne podatke sa prijavom najkasnije do 05.06.2014. god. (\u010detvrtak) na slede\u0107i e-mail: laslo.poljak@izp.rs. Ispit za voza\u010de \u0107e biti odr\u017ean 26.06.2014. godine u 9 h, u Upravi za transport opasnog tereta u Beogradu, Omladinskih brigada br. &#8230;<\/p>","protected":false},"author":1,"featured_media":0,"parent":0,"menu_order":0,"comment_status":"open","ping_status":"open","template":"template_leftsidebar_horizontalnav.php","meta":[],"featured_image_src":null,"featured_image_src_square":null,"_links":{"self":[{"href":"http:\/\/izp.tapavicki.com\/index.php?rest_route=\/wp\/v2\/pages\/27"}],"collection":[{"href":"http:\/\/izp.tapavicki.com\/index.php?rest_route=\/wp\/v2\/pages"}],"about":[{"href":"http:\/\/izp.tapavicki.com\/index.php?rest_route=\/wp\/v2\/types\/page"}],"author":[{"embeddable":true,"href":"http:\/\/izp.tapavicki.com\/index.php?rest_route=\/wp\/v2\/users\/1"}],"replies":[{"embeddable":true,"href":"http:\/\/izp.tapavicki.com\/index.php?rest_route=%2Fwp%2Fv2%2Fcomments&post=27"}],"version-history":[{"count":0,"href":"http:\/\/izp.tapavicki.com\/index.php?rest_route=\/wp\/v2\/pages\/27\/revisions"}],"wp:attachment":[{"href":"http:\/\/izp.tapavicki.com\/index.php?rest_route=%2Fwp%2Fv2%2Fmedia&parent=27"}],"curies":[{"name":"wp","href":"https:\/\/api.w.org\/{rel}","templated":true}]}}