{"id":266,"date":"2014-10-10T11:00:36","date_gmt":"2014-10-10T11:00:36","guid":{"rendered":"http:\/\/izp.mojpr.com\/?page_id=266"},"modified":"2020-02-20T14:59:17","modified_gmt":"2020-02-20T14:59:17","slug":"o-nama","status":"publish","type":"page","link":"http:\/\/izp.tapavicki.com\/?page_id=266","title":{"rendered":"O nama"},"content":{"rendered":"<p>Institut za preventivu, za\u0161titu na radu, protivpo\u017earnu za\u0161titu i razvoj \u2013 Novi Sad, osnovan je 1990. godine, pod nazivom &#8220;Centar za preventivu&#8221;, sa ciljem da kao ovla\u0161\u0107ena organizacija, u skladu sa zakonskim propisima, standardima i konvencijama, pru\u017ei stru\u010dnu pomo\u0107 u oblastima za\u0161tite na radu, za\u0161tite od po\u017eara i eksplozije, za\u0161tite \u017eivotne sredine i drugim delatnostima privrede.<\/p>\n<p>Institut za preventivu, danas predstavlja savremeno preduze\u0107e, koje je tako organizovano i tehni\u010dki opremljeno da mo\u017ee odgovoriti na brojne zahteve potencijalnih korisnika usluga, \u0161to nas svrstava u vode\u0107e institucije te vrste u zemlji. Preko trideset visokoobrazovanih stru\u010dnjaka iz oblasti prirodnih, tehni\u010dkih, medicinskih i pravnih nauka, sa vi\u0161egodi\u0161njim iskustvom, predstavljaju svojevrsno bogatstvo na\u0161eg preduze\u0107a. Institut za preventivu, za\u0161titu na radu, protivpo\u017earnu za\u0161titu i razvoj, poseduje savremenu, sofisticiranu opremu za merenje i ispitivanje.<\/p>\n<p>Institut ima i dve poslovne jedinice izvan Novog Sada u Beogradu i Ba\u010dkoj Palanci.<\/p>\n<p>Cilj Instituta je da kvalitetno, efikasno, uz strogo po\u0161tovanje ugovorenih rokova i konkurentnim cenama, izvr\u0161ava sve obaveze koje preuzima.<\/p>\n<p>Za obavljanje delatnosti Institut poseduje odgovaraju\u0107e licence, akreditacije i re\u0161enja, dobijene od resornih ministarstava i Akreditacionog tela Srbije.<\/p>","protected":false},"excerpt":{"rendered":"<p>Institut za preventivu, za\u0161titu na radu, protivpo\u017earnu za\u0161titu i razvoj \u2013 Novi Sad, osnovan je 1990. godine, pod nazivom &#8220;Centar za preventivu&#8221;, sa ciljem da kao ovla\u0161\u0107ena organizacija, u skladu sa zakonskim propisima, standardima i konvencijama, pru\u017ei stru\u010dnu pomo\u0107 u oblastima za\u0161tite na radu, za\u0161tite od po\u017eara i eksplozije, za\u0161tite \u017eivotne sredine i drugim delatnostima privrede.<br \/>\nInstitut za preventivu, danas predstavlja savremeno preduze\u0107e, koje je tako organizovano i tehni\u010dki opremljeno da mo\u017ee odgovoriti na brojne zahteve potencijalnih korisnika usluga, \u0161to &#8230;<\/p>","protected":false},"author":1,"featured_media":0,"parent":0,"menu_order":0,"comment_status":"open","ping_status":"closed","template":"template_leftnav.php","meta":[],"featured_image_src":null,"featured_image_src_square":null,"_links":{"self":[{"href":"http:\/\/izp.tapavicki.com\/index.php?rest_route=\/wp\/v2\/pages\/266"}],"collection":[{"href":"http:\/\/izp.tapavicki.com\/index.php?rest_route=\/wp\/v2\/pages"}],"about":[{"href":"http:\/\/izp.tapavicki.com\/index.php?rest_route=\/wp\/v2\/types\/page"}],"author":[{"embeddable":true,"href":"http:\/\/izp.tapavicki.com\/index.php?rest_route=\/wp\/v2\/users\/1"}],"replies":[{"embeddable":true,"href":"http:\/\/izp.tapavicki.com\/index.php?rest_route=%2Fwp%2Fv2%2Fcomments&post=266"}],"version-history":[{"count":2,"href":"http:\/\/izp.tapavicki.com\/index.php?rest_route=\/wp\/v2\/pages\/266\/revisions"}],"predecessor-version":[{"id":535,"href":"http:\/\/izp.tapavicki.com\/index.php?rest_route=\/wp\/v2\/pages\/266\/revisions\/535"}],"wp:attachment":[{"href":"http:\/\/izp.tapavicki.com\/index.php?rest_route=%2Fwp%2Fv2%2Fmedia&parent=266"}],"curies":[{"name":"wp","href":"https:\/\/api.w.org\/{rel}","templated":true}]}}