{"id":25,"date":"2014-10-08T15:21:20","date_gmt":"2014-10-08T15:21:20","guid":{"rendered":"http:\/\/izp.mojpr.com\/?page_id=25"},"modified":"2014-10-08T15:21:20","modified_gmt":"2014-10-08T15:21:20","slug":"video-left","status":"publish","type":"page","link":"http:\/\/izp.tapavicki.com\/?page_id=25","title":{"rendered":"Video Left"},"content":{"rendered":"<div class=\"video-wrap video_left\"><div class=\"video-main\">\r\n\t<div class=\"video-frame\">\n<iframe src=\"\/\/player.vimeo.com\/video\/49312337\" title=\"\" width=\"572\" height=\"312\"><\/iframe>\n<\/div><!-- END video-frame -->\r\n<\/div><!-- END video-main -->\n<div class=\"video-sub\">\n<h2>Welcome To Karma<\/h2>\nUse this section to talk about your company, products or services. Display a friendly video or static image to show your customers that you respect and appreciate them. Absolutely everything is possible with Karma 4.0<\/p>\n<p style=\"text-align:;\"><a class=\"ka_button tt_ medium_button medium_black\" title=\"View Karma's Design Options\" href=\"http:\/\/themes.truethemes.net\/Karma-4.0\/design\/\">Theme Design Options<\/a><\/p>\n<\/div><!-- END video-sub --><br class=\"clear\" \/><\/div><!-- END video-wrap -->\n<div class=\"hr_gap\" style=\"height:10px;\"><\/div>\n<div class='hr '>&nbsp;<\/div>\n<div class=\"hr_gap\" style=\"height:5px;\"><\/div>\n<div class=\"one_fourth tt-column\">\n<div class=\"shadow_img_frame shadow_four_col_large tt_\"><div class=\"img-preload lightbox-img\"><a href=\"#\" class=\"attachment-fadeIn\" title=\"\" target=\"\"><span class=\"lightbox-zoom zoom-4 zoom-link\" style=\"position:absolute; display: none;\">&nbsp;<\/span><img src='http:\/\/izp.tapavicki.com\/wp-content\/themes\/karma\/framework\/extended\/timthumb\/timthumb.php?src=http:\/\/placehold.it\/190x111&amp;h=111&amp;w=190' alt='' class=\"attachment-fadeIn\" \/><\/a><\/div><\/div>\n<h4>Compatible<\/h4>\n<p><a href=\"http:\/\/codecanyon.net\/item\/ubermenu-wordpress-mega-menu-plugin\/154703?ref=TrueThemes\" target=\"_blank\">UberMenu<\/a>, <a href=\"http:\/\/www.gravityforms.com\/\" target=\"_blank\">Gravity Forms<\/a>, and <a href=\"http:\/\/wordpress.org\/plugins\/mailchimp\/\" target=\"_blank\">MailChimp<\/a> Plugins are just some of the <strong>premium<\/strong> plugins that work seamlessly with Karma.<\/p>\n<\/div>\n<div class=\"one_fourth tt-column\">\n<div class=\"shadow_img_frame shadow_four_col_large tt_\"><div class=\"img-preload lightbox-img\"><a href=\"#\" class=\"attachment-fadeIn\" title=\"\" target=\"\"><span class=\"lightbox-zoom zoom-4 zoom-link\" style=\"position:absolute; display: none;\">&nbsp;<\/span><img src='http:\/\/izp.tapavicki.com\/wp-content\/themes\/karma\/framework\/extended\/timthumb\/timthumb.php?src=http:\/\/placehold.it\/190x111&amp;h=111&amp;w=190' alt='' class=\"attachment-fadeIn\" \/><\/a><\/div><\/div>\n<h4>Dependable<\/h4>\n<p>Karma is built on highly <strong>optimized<\/strong> code that\u2019s already powering over 21,000 amazing websites. Dependable!<\/p>\n<\/div>\n<div class=\"one_fourth tt-column\">\n<div class=\"shadow_img_frame shadow_four_col_large tt_\"><div class=\"img-preload lightbox-img\"><a href=\"#\" class=\"attachment-fadeIn\" title=\"\" target=\"\"><span class=\"lightbox-zoom zoom-4 zoom-link\" style=\"position:absolute; display: none;\">&nbsp;<\/span><img src='http:\/\/izp.tapavicki.com\/wp-content\/themes\/karma\/framework\/extended\/timthumb\/timthumb.php?src=http:\/\/placehold.it\/190x111&amp;h=111&amp;w=190' alt='' class=\"attachment-fadeIn\" \/><\/a><\/div><\/div>\n<h4>Flexible<\/h4>\n<p><strong>Personalize<\/strong> your website by choosing from 30 preset color schemes, 7 gorgeous overlay patterns and so much more.<br \/>\n<\/div>\n<div class=\"one_fourth_last tt-column\">\n<div class=\"shadow_img_frame shadow_four_col_large tt_\"><div class=\"img-preload lightbox-img\"><a href=\"#\" class=\"attachment-fadeIn\" title=\"\" target=\"\"><span class=\"lightbox-zoom zoom-4 zoom-link\" style=\"position:absolute; display: none;\">&nbsp;<\/span><img src='http:\/\/izp.tapavicki.com\/wp-content\/themes\/karma\/framework\/extended\/timthumb\/timthumb.php?src=http:\/\/placehold.it\/190x111&amp;h=111&amp;w=190' alt='' class=\"attachment-fadeIn\" \/><\/a><\/div><\/div>\n<h4>Responsive<\/h4>\n<p><strong>100% Responsive<\/strong> and beautiful rendering on every Mobile Device. Karma&#8217;s interface is sharply crisp on retina displays.<\/p>\n<\/div><br class=\"clear\" \/>\n<div class=\"hr_gap\" style=\"height:10px;\"><\/div>\n<div class=\"callout-wrap\"><span>With Karma 4.0 Homepage Templates are a thing of the past. You can now effectively build\/create your own homepage using the page templates we have provided. Combine that with the super awesome shortcodes included with the theme and the possibilities are virtually endless. Have Fun &amp; Happy Creating!<\/span><\/div><!-- END callout-wrap --><br class=\"clear\" \/>\r\n\n<div class=\"hr_gap\" style=\"height:30px;\"><\/div>\n<div class=\"one_half tt-column\">\n<h4>Contact us Today:<\/h4>\n<div role='form' id='contact-form-25'>\n<form action='#tt-contact-notify' method='post' class='contact-form commentsblock'>\n\n\n<div>\n\t\t<label for='25-name' class='name'>Name<span>(required)<\/span><\/label>\n\t\t<input type='text' name='25-name' id='25-name' value='' class='name'\/>\n\t<\/div>\n\n\n<div>\n\t\t<label for='25-email' class='grunion-field-label email'>Email<span>(required)<\/span><\/label>\n\t\t<input type='text' name='25-email' id='25-email' value='' class='email'\/>\n\t<\/div>\n\n\n<div>\n\t\t<label for='25-comment' class='textarea'>Comment<span>(required)<\/span><\/label>\n\t\t<textarea name='25-comment' id='contact-form-comment-25-comment' rows='20'><\/textarea>\n\t<\/div>\n\n\t<p class='contact-submit'>\n\t\t<input type='submit' value='SUBMIT' class='ka-form-submit'\/>\n\t\t<input type=\"hidden\" id=\"_wpnonce\" name=\"_wpnonce\" value=\"590a392602\" \/><input type=\"hidden\" name=\"_wp_http_referer\" value=\"\/index.php?rest_route=%2Fwp%2Fv2%2Fpages%2F25\" \/>\n\t\t<input type='hidden' name='contact-form-id' value='25' \/>\n\t<\/p>\n<\/form>\n<\/div>\n<\/div>\n<div class=\"one_half_last tt-column\">\n<h4>Here&#8217;s a Blogpost Shortcode:<\/h4>\n<div class=\"blog-posts-shortcode-outer-wrap tt_\"><ul class=\"tt-recent-posts\"><li><a class=\"tt-recent-post-link\" title=\"ZAKLJU\u010cCI 7. Me\u0111unarodne \u201cEx\u201d Tribine PDF\" href=\"http:\/\/izp.tapavicki.com\/?p=471\"><img src=\"http:\/\/izp.tapavicki.com\/wp-content\/themes\/karma\/framework\/extended\/timthumb\/timthumb.php?src=http:\/\/www.atex.ba\/extern\/news\/atex2014.jpg&amp;h=65&amp;w=65\" alt=\"ZAKLJU\u010cCI 7. Me\u0111unarodne \u201cEx\u201d Tribine PDF\" class=\"tt-blog-sc-img\" \/><h4>ZAKLJU\u010cCI 7. Me\u0111unarodne \u201cEx\u201d Tribine PDF<\/h4><p>Na osnovu izlo\u017eenih radova, komentara, diskusija i okruglih stolova na sedmoj me\u0111unarodn...<\/p><\/a><\/li><li><a class=\"tt-recent-post-link\" title=\"Ispitivanje relavantnih osobina eksplozivnih pra\u0161ina\" href=\"http:\/\/izp.tapavicki.com\/?p=456\"><span class=\"tt-blog-placeholder tt-blog-default tt-blog-sc-img\">&nbsp;<\/span><h4>Ispitivanje relavantnih osobina eksplozivnih pra\u0161ina<\/h4><p>O eksplozivnosti pra\u0161ina bilo je ve\u0107 govora u mnogim literaturnim podacima, pa i u na\u0161e...<\/p><\/a><\/li><li><a class=\"tt-recent-post-link\" title=\"Obuka za voza\u010de i rukovaoce opasnim teretom\" href=\"http:\/\/izp.tapavicki.com\/?p=313\"><img src=\"http:\/\/izp.tapavicki.com\/wp-content\/uploads\/2014\/10\/adr-65x65.jpg\" alt=\"Obuka za voza\u010de i rukovaoce opasnim teretom\" class=\"tt-blog-sc-img\" \/><h4>Obuka za voza\u010de i rukovaoce opasnim teretom<\/h4><p>INSTITUT prima prijave za ADR\/RID obuku za voza\u010de i rukovaoce opasnim teretom koja je pla...<\/p><\/a><\/li><\/ul><\/div><br class=\"clear\" \/>\n<\/div><br class=\"clear\" \/>","protected":false},"excerpt":{"rendered":"<p>INSTITUT prima prijave za ADR\/RID obuku za voza\u010de i rukovaoce opasnim teretom koja je planirana da se odr\u017ei od 09. do 13 juna 2014. godine u ZRENJANINU, u sali za sastanke NIS SERVISNI CENTAR ZRENJANIN, Lazareva\u010dki put bb. Kandidati koji \u017eele poha\u0111ati obuku moraju poslati li\u010dne podatke sa prijavom najkasnije do 05.06.2014. god. (\u010detvrtak) na slede\u0107i e-mail: laslo.poljak@izp.rs. Ispit za voza\u010de \u0107e biti odr\u017ean 26.06.2014. godine u 9 h, u Upravi za transport opasnog tereta u Beogradu, Omladinskih brigada br. &#8230;<\/p>","protected":false},"author":1,"featured_media":0,"parent":0,"menu_order":0,"comment_status":"open","ping_status":"open","template":"template-blank-canvas.php","meta":[],"featured_image_src":null,"featured_image_src_square":null,"_links":{"self":[{"href":"http:\/\/izp.tapavicki.com\/index.php?rest_route=\/wp\/v2\/pages\/25"}],"collection":[{"href":"http:\/\/izp.tapavicki.com\/index.php?rest_route=\/wp\/v2\/pages"}],"about":[{"href":"http:\/\/izp.tapavicki.com\/index.php?rest_route=\/wp\/v2\/types\/page"}],"author":[{"embeddable":true,"href":"http:\/\/izp.tapavicki.com\/index.php?rest_route=\/wp\/v2\/users\/1"}],"replies":[{"embeddable":true,"href":"http:\/\/izp.tapavicki.com\/index.php?rest_route=%2Fwp%2Fv2%2Fcomments&post=25"}],"version-history":[{"count":0,"href":"http:\/\/izp.tapavicki.com\/index.php?rest_route=\/wp\/v2\/pages\/25\/revisions"}],"wp:attachment":[{"href":"http:\/\/izp.tapavicki.com\/index.php?rest_route=%2Fwp%2Fv2%2Fmedia&parent=25"}],"curies":[{"name":"wp","href":"https:\/\/api.w.org\/{rel}","templated":true}]}}