{"id":22,"date":"2014-10-08T15:21:20","date_gmt":"2014-10-08T15:21:20","guid":{"rendered":"http:\/\/izp.mojpr.com\/?page_id=22"},"modified":"2023-04-19T20:48:02","modified_gmt":"2023-04-19T20:48:02","slug":"home","status":"publish","type":"page","link":"http:\/\/izp.tapavicki.com\/","title":{"rendered":"Home"},"content":{"rendered":"<section class=\"wpb-content-wrapper\">[vc_row][vc_column]<div class=\"callout-wrap tt_animate_none \"><span>Karma doesn&#8217;t lock you down to a specific homepage layout. All homepage layouts are completely customizable. The built in shortcode manager and pre-built shortcode layouts make it amazingly easy to create gorgeous layouts.<\/span><\/div><!-- END callout-wrap --><br class=\"clear\" \/>\r\n[\/vc_column][\/vc_row][vc_row][vc_column width=&#8221;1\/4&#8243;]<div class=\"modern_img_frame modern_four_col_large tt_animate_none true-img-none\"><div class=\"img-preload lightbox-img\"><a href=\"#\" class=\"attachment-fadeIn\" title=\"\" target=\"\"><span class=\"lightbox-zoom zoom-4 zoom-link\" style=\"position:absolute; display: none;\">&nbsp;<\/span><img src='http:\/\/izp.tapavicki.com\/wp-content\/themes\/karma\/framework\/extended\/timthumb\/timthumb.php?src=http:\/\/placehold.it\/190x111&amp;h=111&amp;w=190' alt='' class=\"attachment-fadeIn\" \/><\/a><\/div><\/div>[vc_column_text]Aenean lacinia bibendum nulla sed consectetur. Duis mollis, est non commodo luctus, nisi erat porttitor ligula, eget lacinia odio sem nec elit.[\/vc_column_text][\/vc_column][vc_column width=&#8221;1\/4&#8243;]<div class=\"modern_img_frame modern_four_col_large tt_animate_none true-img-none\"><div class=\"img-preload lightbox-img\"><a href=\"#\" class=\"attachment-fadeIn\" title=\"\" target=\"\"><span class=\"lightbox-zoom zoom-4 zoom-link\" style=\"position:absolute; display: none;\">&nbsp;<\/span><img src='http:\/\/izp.tapavicki.com\/wp-content\/themes\/karma\/framework\/extended\/timthumb\/timthumb.php?src=http:\/\/placehold.it\/190x111&amp;h=111&amp;w=190' alt='' class=\"attachment-fadeIn\" \/><\/a><\/div><\/div>[vc_column_text]Aenean lacinia bibendum nulla sed consectetur. Duis mollis, est non commodo luctus, nisi erat porttitor ligula, eget lacinia odio sem nec elit.[\/vc_column_text][\/vc_column][vc_column width=&#8221;1\/4&#8243;]<div class=\"modern_img_frame modern_four_col_large tt_animate_none true-img-none\"><div class=\"img-preload lightbox-img\"><a href=\"#\" class=\"attachment-fadeIn\" title=\"\" target=\"\"><span class=\"lightbox-zoom zoom-4 zoom-link\" style=\"position:absolute; display: none;\">&nbsp;<\/span><img src='http:\/\/izp.tapavicki.com\/wp-content\/themes\/karma\/framework\/extended\/timthumb\/timthumb.php?src=http:\/\/placehold.it\/190x111&amp;h=111&amp;w=190' alt='' class=\"attachment-fadeIn\" \/><\/a><\/div><\/div>[vc_column_text]Aenean lacinia bibendum nulla sed consectetur. Duis mollis, est non commodo luctus, nisi erat porttitor ligula, eget lacinia odio sem nec elit.[\/vc_column_text][\/vc_column][vc_column width=&#8221;1\/4&#8243;]<div class=\"modern_img_frame modern_four_col_large tt_animate_none true-img-none\"><div class=\"img-preload lightbox-img\"><a href=\"#\" class=\"attachment-fadeIn\" title=\"\" target=\"\"><span class=\"lightbox-zoom zoom-4 zoom-link\" style=\"position:absolute; display: none;\">&nbsp;<\/span><img src='http:\/\/izp.tapavicki.com\/wp-content\/themes\/karma\/framework\/extended\/timthumb\/timthumb.php?src=http:\/\/placehold.it\/190x111&amp;h=111&amp;w=190' alt='' class=\"attachment-fadeIn\" \/><\/a><\/div><\/div>[vc_column_text]Aenean lacinia bibendum nulla sed consectetur. Duis mollis, est non commodo luctus, nisi erat porttitor ligula, eget lacinia odio sem nec elit.[\/vc_column_text][\/vc_column][\/vc_row][vc_row][vc_column width=&#8221;1\/2&#8243;][vc_column_text]\n<h5>Latest from the Blogstibulum.<\/h5>\n[\/vc_column_text]<div class=\"blog-posts-shortcode-outer-wrap tt_animate_none\"><ul class=\"tt-recent-posts\"><li><a class=\"tt-recent-post-link\" title=\"ZAKLJU\u010cCI 7. Me\u0111unarodne \u201cEx\u201d Tribine PDF\" href=\"http:\/\/izp.tapavicki.com\/?p=471\"><img src=\"http:\/\/izp.tapavicki.com\/wp-content\/themes\/karma\/framework\/extended\/timthumb\/timthumb.php?src=http:\/\/www.atex.ba\/extern\/news\/atex2014.jpg&amp;h=65&amp;w=65\" alt=\"ZAKLJU\u010cCI 7. Me\u0111unarodne \u201cEx\u201d Tribine PDF\" class=\"tt-blog-sc-img\" \/><h4>ZAKLJU\u010cCI 7. Me\u0111unarodne \u201cEx\u201d Tribine PDF<\/h4><p>Na osnovu izlo\u017eenih radova, komentara, diskusija i okruglih stolova na sedmoj me\u0111unarodnoj \u201cEx\u201d Tribini odr\u017e...<\/p><\/a><\/li><li><a class=\"tt-recent-post-link\" title=\"Ispitivanje relavantnih osobina eksplozivnih pra\u0161ina\" href=\"http:\/\/izp.tapavicki.com\/?p=456\"><span class=\"tt-blog-placeholder tt-blog-default tt-blog-sc-img\">&nbsp;<\/span><h4>Ispitivanje relavantnih osobina eksplozivnih pra\u0161ina<\/h4><p>O eksplozivnosti pra\u0161ina bilo je ve\u0107 govora u mnogim literaturnim podacima, pa i u na\u0161em radu\u00a0(L1). Mada su mog...<\/p><\/a><\/li><\/ul><\/div><br class=\"clear\" \/>[\/vc_column][vc_column width=&#8221;1\/2&#8243;][vc_column_text]\n<h5>Awesome Content Here<\/h5>\n<p>Sed posuere consectetur est at lobortis. Sed posuere consectetur est at lobortis. Donec id elit non mi porta gravida at eget metus. Praesent commodo cursus magna, vel scelerisque nisl consectetur et. Nulla vitae elit libero, a pharetra augue. Nullam id dolor id nibh ultricies vehicula ut id elit. Aenean eu leo quam. Pellentesque ornare sem lacinia quam venenatis vestibulum.[\/vc_column_text][\/vc_column][\/vc_row][vc_row][vc_column]<h6 class=\"heading-horizontal\" style=\"margin:20px 0 35px 0;\"><span>Our Clients Say it Best<\/span><\/h6><div class=\"true-testimonial-wrapper tt_animate_none \"><div class=\"testimonials flexslider\"><ul class=\"slides\"><li><blockquote><p>This is a testimonial Slider. Lorem ipsum dolor sit amet, consectetur adipiscing elit. Vivamus rhoncus, arcu non blandit tempus, elit diam congue velit, ac porttitor enim purus sed ante. In feugiat, velit eleifend placerat scelerisque, tortor felis hendrerit neque, sit amet semper turpis velit fringilla risus. Mauris tempus risus non tortor mollis si<cite>&ndash;John Doe, Truethemes<\/cite><\/p><\/blockquote><\/li><li><blockquote><p>This testimonial is created using shortcode. Lorem ipsum dolor sit amet, consectetur adipiscing elit. Vivamus rhoncus, arcu non blandit tempus, elit diam congue velit, ac porttitor enim purus sed ante. In feugiat, velit eleifend placerat scelerisque, tortor felis hendrerit neque, sit amet semper turpis velit fringilla risus. Mauris tempus risus non tortor mollis si<cite>&ndash;John Doe,Themeforest<\/cite><\/p><\/blockquote><\/li><li><blockquote><p>You can add any amount of slide here. Lorem ipsum dolor sit amet, consectetur adipiscing elit. Vivamus rhoncus, arcu non blandit tempus, elit diam congue velit, ac porttitor enim purus sed ante. In feugiat, velit eleifend placerat scelerisque, tortor felis hendrerit neque, sit amet semper turpis velit fringilla risus. Mauris tempus risus non tortor mollis si<cite>&ndash;John Doe, Truethemes<\/cite><\/p><\/blockquote><\/li><\/ul><\/div><\/div><!-- END testimonials -->[\/vc_column][\/vc_row]<\/section>","protected":false},"excerpt":{"rendered":"<p>O eksplozivnosti pra\u0161ina bilo je ve\u0107 govora u mnogim literaturnim podacima, pa i u na\u0161em radu\u00a0(L1). Mada su mogu\u0107nosti i posljedice eksplozije pra\u0161ina bilo dugo zanemarivane, praksa je, na\u017ealost\u00a0pokazala da je ovo bilo neopravdano.<br \/>\nZa odgovaraju\u0107i odgovor na potencijalne opasnosti posebno je va\u017eno poznavati bitne\u00a0karakteristike pra\u0161ine od \u010dije se eksplozije \u017eelimo \u0161tititi.<br \/>\n[swf src=&#8221;\/wp-content\/uploads\/011-Ispitivanje-prasina.swf&#8221; width=558 height=785]<\/p>","protected":false},"author":1,"featured_media":0,"parent":0,"menu_order":0,"comment_status":"closed","ping_status":"closed","template":"template-blank-canvas.php","meta":[],"featured_image_src":null,"featured_image_src_square":null,"_links":{"self":[{"href":"http:\/\/izp.tapavicki.com\/index.php?rest_route=\/wp\/v2\/pages\/22"}],"collection":[{"href":"http:\/\/izp.tapavicki.com\/index.php?rest_route=\/wp\/v2\/pages"}],"about":[{"href":"http:\/\/izp.tapavicki.com\/index.php?rest_route=\/wp\/v2\/types\/page"}],"author":[{"embeddable":true,"href":"http:\/\/izp.tapavicki.com\/index.php?rest_route=\/wp\/v2\/users\/1"}],"replies":[{"embeddable":true,"href":"http:\/\/izp.tapavicki.com\/index.php?rest_route=%2Fwp%2Fv2%2Fcomments&post=22"}],"version-history":[{"count":3,"href":"http:\/\/izp.tapavicki.com\/index.php?rest_route=\/wp\/v2\/pages\/22\/revisions"}],"predecessor-version":[{"id":525,"href":"http:\/\/izp.tapavicki.com\/index.php?rest_route=\/wp\/v2\/pages\/22\/revisions\/525"}],"wp:attachment":[{"href":"http:\/\/izp.tapavicki.com\/index.php?rest_route=%2Fwp%2Fv2%2Fmedia&parent=22"}],"curies":[{"name":"wp","href":"https:\/\/api.w.org\/{rel}","templated":true}]}}